{"id":153,"date":"2021-11-18T12:32:37","date_gmt":"2021-11-18T12:32:37","guid":{"rendered":"http:\/\/domainedubocq.be\/?page_id=153"},"modified":"2025-03-31T15:58:04","modified_gmt":"2025-03-31T13:58:04","slug":"karte","status":"publish","type":"page","link":"https:\/\/domainedubocq.be\/de\/karte\/","title":{"rendered":"Karte"},"content":{"rendered":"<p><div class=\"et_d4_element et_pb_section et_pb_section_0 et_pb_with_background  et_pb_css_mix_blend_mode et_section_regular et_block_section\" >\n\t\t\t\t\n\t\t\t\t\n\t\t\t\t\n\t\t\t\t\n\t\t\t\t\n\t\t\t\t\n\t\t\t\t<div class=\"et_d4_element et_pb_row et_pb_row_0  et_pb_css_mix_blend_mode et_block_row\">\n\t\t\t\t<div class=\"et_d4_element et_pb_column_4_4 et_pb_column et_pb_column_0  et_pb_css_mix_blend_mode et-last-child et_block_column\">\n\t\t\t\t\n\t\t\t\t\n\t\t\t\t\n\t\t\t\t\n\t\t\t\t<div class=\"et_pb_module et_d4_element et_pb_text et_pb_text_0  et_pb_text_align_left et_pb_bg_layout_dark\">\n\t\t\t\t\n\t\t\t\t\n\t\t\t\t\n\t\t\t\t\n\t\t\t\t<div class=\"et_pb_text_inner\"><h1>Karte<\/h1><\/div>\n\t\t\t<\/div>\n\t\t\t<\/div>\n\t\t\t\t\n\t\t\t\t\n\t\t\t\t\n\t\t\t\t\n\t\t\t<\/div>\n\t\t\t\t\n\t\t\t\t\n\t\t\t<\/div><div class=\"et_d4_element et_pb_section et_pb_section_1  et_pb_css_mix_blend_mode et_section_regular et_block_section\" >\n\t\t\t\t\n\t\t\t\t\n\t\t\t\t\n\t\t\t\t\n\t\t\t\t\n\t\t\t\t\n\t\t\t\t<div class=\"et_d4_element et_pb_row et_pb_row_1  et_pb_css_mix_blend_mode et_block_row\">\n\t\t\t\t<div class=\"et_d4_element et_pb_column_4_4 et_pb_column et_pb_column_1  et_pb_css_mix_blend_mode et-last-child et_block_column\">\n\t\t\t\t\n\t\t\t\t\n\t\t\t\t\n\t\t\t\t\n\t\t\t\t<div class=\"et_pb_module et_d4_element et_pb_text et_pb_text_1 et_clickable  et_pb_text_align_left et_pb_bg_layout_light\">\n\t\t\t\t\n\t\t\t\t\n\t\t\t\t\n\t\t\t\t\n\t\t\t\t<div class=\"et_pb_text_inner\"><p><span><iframe loading=\"lazy\" class=\"wonderplugin-pdf-iframe\" src=\"https:\/\/domainedubocq.be\/wp-content\/plugins\/wonderplugin-pdf-embed\/pdfjslight\/web\/viewer.html?v=2&disableprint=1&disabletext=1&disabledoc=1&disableopenfile=1&disablerightclick=1&file=https:\/\/domainedubocq.be\/wp-content\/uploads\/2025\/03\/Plattegrond_DDB_2025.pdf\" width=\"100%\" height=\"1000px\" style=\"border:0;\"><\/iframe>\u00a0<\/span><\/p>\n<p>&nbsp;<\/p><\/div>\n\t\t\t<\/div>\n\t\t\t<\/div>\n\t\t\t\t\n\t\t\t\t\n\t\t\t\t\n\t\t\t\t\n\t\t\t<\/div><div class=\"et_d4_element et_pb_row et_pb_row_2  et_pb_css_mix_blend_mode et_block_row\">\n\t\t\t\t<div class=\"et_d4_element et_pb_column_4_4 et_pb_column et_pb_column_2  et_pb_css_mix_blend_mode et-last-child et_block_column\">\n\t\t\t\t\n\t\t\t\t\n\t\t\t\t\n\t\t\t\t\n\t\t\t\t<div class=\"et_pb_module et_d4_element et_pb_text et_pb_text_2  et_pb_text_align_left et_pb_bg_layout_light\">\n\t\t\t\t\n\t\t\t\t\n\t\t\t\t\n\t\t\t\t\n\t\t\t\t<div class=\"et_pb_text_inner\"><h2>Karte<\/h2><\/div>\n\t\t\t<\/div><div class=\"et_pb_module et_d4_element et_pb_text et_pb_text_3  et_pb_text_align_left et_pb_bg_layout_light\">\n\t\t\t\t\n\t\t\t\t\n\t\t\t\t\n\t\t\t\t\n\t\t\t\t<div class=\"et_pb_text_inner\"><p style=\"text-align: left;\">Sie k\u00f6nnen die Karte von Domaine Du Bocq herunterladen<a href=\"https:\/\/domainedubocq.be\/wp-content\/uploads\/2025\/03\/Plattegrond_DDB_2025.pdf\"> <strong>hier<\/strong>\u00a0<\/a>finden.<\/p><\/div>\n\t\t\t<\/div>\n\t\t\t<\/div>\n\t\t\t\t\n\t\t\t\t\n\t\t\t\t\n\t\t\t\t\n\t\t\t<\/div><div class=\"et_d4_element et_pb_row et_pb_row_3  et_pb_css_mix_blend_mode et_block_row\">\n\t\t\t\t<div class=\"et_d4_element et_pb_column_4_4 et_pb_column et_pb_column_3  et_pb_css_mix_blend_mode et-last-child et_block_column\">\n\t\t\t\t\n\t\t\t\t\n\t\t\t\t\n\t\t\t\t\n\t\t\t\t<div class=\"et_pb_module et_d4_element et_pb_text et_pb_text_4  et_pb_text_align_left et_pb_bg_layout_light\">\n\t\t\t\t\n\t\t\t\t\n\t\t\t\t\n\t\t\t\t\n\t\t\t\t<div class=\"et_pb_text_inner\"><h2>Entdecken Sie die Einrichtungen des Campingplatzes Domaine du Bocq<\/h2>\n<p>Unser Campingplatz bietet eine breite Palette von <a href=\"https:\/\/domainedubocq.be\/de\/einrichtungen\/\">Einrichtungen <\/a>die Ihren Aufenthalt komfortabel und angenehm gestalten. Auf unserer detaillierten Karte finden Sie die Standorte aller wichtigen Einrichtungen, wie z. B.:<\/p>\n<ul>\n<li aria-level=\"1\"><strong>Bar\/Restaurant:<\/strong> Genie\u00dfen Sie <a href=\"https:\/\/domainedubocq.be\/de\/essen-trinken\/\">k\u00f6stliche lokale Gerichte und erfrischende Getr\u00e4nke<\/a> in unserer gem\u00fctlichen Bar und im Restaurant.<\/li>\n<li aria-level=\"1\"><strong>Lagerfeuerplatz:<\/strong> Erleben Sie den Charme eines Abends am Lagerfeuer, eine perfekte Zeit f\u00fcr Geschichten und Gem\u00fctlichkeit.<\/li>\n<li aria-level=\"1\"><strong>Feuerl\u00f6schstellen:<\/strong> Zu Ihrer Sicherheit haben wir mehrere Feuerl\u00f6scher auf dem Gel\u00e4nde verteilt.<\/li>\n<li aria-level=\"1\"><strong>Servicestelle f\u00fcr Wohnmobile<\/strong>Spezielle Einrichtungen f\u00fcr Wohnmobile, einschlie\u00dflich Abwasser- und Stromanschluss.<\/li>\n<li aria-level=\"1\"><strong>MTB Abspritzplatz<\/strong>Die Reinigung Ihres Mountainbikes nach einer aufregenden Fahrt ist mit unserem Absp\u00fclbereich ganz einfach.<\/li>\n<li aria-level=\"1\"><strong>Wasserh\u00e4hne<\/strong>Verstreut auf dem Campingplatz f\u00fcr Ihren Komfort.<\/li>\n<li aria-level=\"1\"><strong>W\u00e4scherei-Einrichtungen<\/strong>: Dazu geh\u00f6ren Waschmaschinen, Toilettengruppen mit Duschen und Waschbecken sowie ein Geschirrsp\u00fclbereich.<\/li>\n<li aria-level=\"1\"><strong>Versammlungsort<\/strong>Ein zentraler Punkt f\u00fcr Besprechungen oder in Notf\u00e4llen.<\/li>\n<\/ul>\n<p>&nbsp;<\/p>\n<h3>W\u00e4hlen Sie Ihren idealen Standort<\/h3>\n<p>Mit nummerierten Stellpl\u00e4tzen und speziellen Bereichen f\u00fcr unterschiedliche Bed\u00fcrfnisse k\u00f6nnen Sie den idealen Platz f\u00fcr Ihr Zelt oder Wohnmobil w\u00e4hlen. Egal, ob Sie in der N\u00e4he der Kinderspielpl\u00e4tze sein m\u00f6chten oder ein ruhigeres Pl\u00e4tzchen am Rande des Campingplatzes suchen, unsere Karte wird Ihnen helfen, den perfekten Platz zu finden.<\/p>\n<p>&nbsp;<\/p>\n<h2>Hausordnung f\u00fcr einen angenehmen Aufenthalt<\/h2>\n<p>Um allen G\u00e4sten einen angenehmen Aufenthalt zu erm\u00f6glichen, haben wir einige wichtige Hausregeln aufgestellt:<\/p>\n<ol>\n<li aria-level=\"1\">Nehmen Sie R\u00fccksicht auf andere G\u00e4ste.<\/li>\n<li aria-level=\"1\">Die H\u00f6chstgeschwindigkeit innerhalb des Campingplatzes betr\u00e4gt 5 km\/h.<\/li>\n<li aria-level=\"1\">Ruhe auf dem Campingplatz von 22 Uhr bis 7.30 Uhr.<\/li>\n<li aria-level=\"1\">Haustiere m\u00fcssen an der Leine gef\u00fchrt werden.<\/li>\n<li aria-level=\"1\">Lagerfeuer sind nur in Feuerstellen oder im ausgewiesenen Lagerfeuerbereich erlaubt.<\/li>\n<li aria-level=\"1\">Verst\u00e4rkte Musik ist nicht erlaubt.<\/li>\n<\/ol>\n<p>&nbsp;<\/p>\n<h2>Planen Sie Ihren Aufenthalt<\/h2>\n<p>Schauen Sie sich unseren Lageplan an, um mehr \u00fcber den Aufbau und die Einrichtungen unseres Campingplatzes zu erfahren. Sie k\u00f6nnen auch<a href=\"https:\/\/domainedubocq.be\/wp-content\/uploads\/2025\/03\/Plattegrond_DDB_2025.pdf\" target=\"_blank\" rel=\"noopener\"> herunterladen <\/a>oder holen Sie sich bei Ihrer Ankunft eine gedruckte Version an der Rezeption ab.<\/p>\n<p>Wir freuen uns darauf, Sie auf dem Camping Domaine du Bocq begr\u00fc\u00dfen zu d\u00fcrfen, wo Natur, Komfort und Spa\u00df zu einem unvergesslichen Camping-Erlebnis verschmelzen.<\/p><\/div>\n\t\t\t<\/div>\n\t\t\t<\/div>\n\t\t\t\t\n\t\t\t\t\n\t\t\t\t\n\t\t\t\t\n\t\t\t<\/div>\n\t\t\t\t\n\t\t\t\t\n\t\t\t<\/div><div class=\"et_d4_element et_pb_section et_pb_section_2  et_pb_css_mix_blend_mode et_section_regular et_block_section\" >\n\t\t\t\t\n\t\t\t\t\n\t\t\t\t\n\t\t\t\t\n\t\t\t\t\n\t\t\t\t\n\t\t\t\t<div class=\"et_d4_element et_pb_row et_pb_row_4  et_pb_css_mix_blend_mode et_block_row\">\n\t\t\t\t<div class=\"et_d4_element et_pb_column_4_4 et_pb_column et_pb_column_4  et_pb_css_mix_blend_mode et-last-child et_block_column\">\n\t\t\t\t\n\t\t\t\t\n\t\t\t\t\n\t\t\t\t\n\t\t\t\t<div class=\"et_pb_module et_d4_element et_pb_blurb et_pb_blurb_0  et_pb_text_align_left  et_pb_blurb_position_left et_block_module et_pb_bg_layout_light\">\n\t\t\t\t\n\t\t\t\t\n\t\t\t\t\n\t\t\t\t\n\t\t\t\t<div class=\"et_pb_blurb_content\">\n\t\t\t\t\t<div class=\"et_pb_main_blurb_image et_pb_css_mix_blend_mode\"><span class=\"et_pb_image_wrap\"><span class=\"et-waypoint et_pb_animation_top et_pb_animation_top_tablet et_pb_animation_top_phone et-pb-icon\">\uf16d<\/span><\/span><\/div>\n\t\t\t\t\t<div class=\"et_pb_blurb_container\">\n\t\t\t\t\t\t<h2 class=\"et_pb_module_header\"><span>Folgen Sie uns auf Instagram<\/span><\/h2>\n\t\t\t\t\t\t\n\t\t\t\t\t<\/div>\n\t\t\t\t<\/div>\n\t\t\t<\/div>\n\t\t\t<\/div>\n\t\t\t\t\n\t\t\t\t\n\t\t\t\t\n\t\t\t\t\n\t\t\t<\/div><div class=\"et_d4_element et_pb_row et_pb_row_5  et_pb_css_mix_blend_mode et_block_row\">\n\t\t\t\t<div class=\"et_d4_element et_pb_column_4_4 et_pb_column et_pb_column_5  et_pb_css_mix_blend_mode et-last-child et_block_column\">\n\t\t\t\t\n\t\t\t\t\n\t\t\t\t\n\t\t\t\t\n\t\t\t\t<div class=\"et_pb_module et_d4_element et_pb_code et_pb_code_0\">\n\t\t\t\t\n\t\t\t\t\n\t\t\t\t\n\t\t\t\t\n\t\t\t\t<div class=\"et_pb_code_inner\"><script src=\"https:\/\/apps.elfsight.com\/p\/platform.js\" defer><\/script>\n<div class=\"elfsight-app-1956226c-afb1-4156-81c0-28ccb56ec209\"><\/div><\/div>\n\t\t\t<\/div>\n\t\t\t<\/div>\n\t\t\t\t\n\t\t\t\t\n\t\t\t\t\n\t\t\t\t\n\t\t\t<\/div>\n\t\t\t\t\n\t\t\t\t\n\t\t\t<\/div><\/p>","protected":false},"excerpt":{"rendered":"","protected":false},"author":1,"featured_media":0,"parent":0,"menu_order":0,"comment_status":"closed","ping_status":"closed","template":"","meta":{"_et_pb_use_builder":"on","_et_pb_old_content":"","_et_gb_content_width":"","footnotes":""},"dipi_cpt_category":[],"class_list":["post-153","page","type-page","status-publish","hentry"],"_links":{"self":[{"href":"https:\/\/domainedubocq.be\/de\/wp-json\/wp\/v2\/pages\/153","targetHints":{"allow":["GET"]}}],"collection":[{"href":"https:\/\/domainedubocq.be\/de\/wp-json\/wp\/v2\/pages"}],"about":[{"href":"https:\/\/domainedubocq.be\/de\/wp-json\/wp\/v2\/types\/page"}],"author":[{"embeddable":true,"href":"https:\/\/domainedubocq.be\/de\/wp-json\/wp\/v2\/users\/1"}],"replies":[{"embeddable":true,"href":"https:\/\/domainedubocq.be\/de\/wp-json\/wp\/v2\/comments?post=153"}],"version-history":[{"count":3,"href":"https:\/\/domainedubocq.be\/de\/wp-json\/wp\/v2\/pages\/153\/revisions"}],"predecessor-version":[{"id":2734,"href":"https:\/\/domainedubocq.be\/de\/wp-json\/wp\/v2\/pages\/153\/revisions\/2734"}],"wp:attachment":[{"href":"https:\/\/domainedubocq.be\/de\/wp-json\/wp\/v2\/media?parent=153"}],"wp:term":[{"taxonomy":"dipi_cpt_category","embeddable":true,"href":"https:\/\/domainedubocq.be\/de\/wp-json\/wp\/v2\/dipi_cpt_category?post=153"}],"curies":[{"name":"wp","href":"https:\/\/api.w.org\/{rel}","templated":true}]}}