{"id":347,"date":"2021-12-08T13:51:43","date_gmt":"2021-12-08T13:51:43","guid":{"rendered":"http:\/\/domainedubocq.be\/?page_id=347"},"modified":"2026-01-26T16:37:59","modified_gmt":"2026-01-26T15:37:59","slug":"campingplatz-rustique","status":"publish","type":"page","link":"https:\/\/domainedubocq.be\/de\/campingplatz-rustique\/","title":{"rendered":"Zeltplatz Rustique"},"content":{"rendered":"<p><div class=\"et_d4_element et_pb_section et_pb_section_0  et_pb_css_mix_blend_mode et_section_specialty et_pb_section--with-menu et_block_section\" >\n\t\t\t\t\n\t\t\t\t\n\t\t\t\t\n\t\t\t\t\n\t\t\t\t\n\t\t\t\t<div class=\"et_pb_row et_block_row et_d4_element\">\n\t\t\t\t<div class=\"et_d4_element et_pb_column_1_2 et_pb_column et_pb_column_0    et_pb_css_mix_blend_mode et_pb_column--with-menu et_block_column\">\n\t\t\t\t\n\t\t\t\t\n\t\t\t\t\n\t\t\t\t\n\t\t\t\t<div class=\"et_pb_module et_d4_element et_pb_menu et_pb_menu_0 et_pb_bg_layout_light  et_pb_text_align_left et_dropdown_animation_fade et_pb_menu--without-logo et_pb_menu--style-left_aligned\">\n\t\t\t\t\t\n\t\t\t\t\t\n\t\t\t\t\t\n\t\t\t\t\t\n\t\t\t\t\t<div class=\"et_pb_menu_inner_container clearfix\">\n\t\t\t\t\t\t\n\t\t\t\t\t\t<div class=\"et_pb_menu__wrap\">\n\t\t\t\t\t\t\t<div class=\"et_pb_menu__menu\">\n\t\t\t\t\t\t\t\t<nav class=\"et-menu-nav\"><ul id=\"menu-kampeervelden\" class=\"et-menu nav\"><li id=\"menu-item-360\" class=\"et_pb_menu_page_id-347 menu-item menu-item-type-post_type menu-item-object-page menu-item-360\"><a href=\"https:\/\/domainedubocq.be\/de\/campingplatz-rustique\/\">Rustikal<\/a><\/li>\n<li id=\"menu-item-361\" class=\"et_pb_menu_page_id-339 menu-item menu-item-type-post_type menu-item-object-page menu-item-361\"><a href=\"https:\/\/domainedubocq.be\/de\/camping-feld-bois\/\">Bois<\/a><\/li>\n<li id=\"menu-item-362\" class=\"et_pb_menu_page_id-336 menu-item menu-item-type-post_type menu-item-object-page menu-item-362\"><a href=\"https:\/\/domainedubocq.be\/de\/campingplatz-soleil\/\">Soleil<\/a><\/li>\n<li id=\"menu-item-363\" class=\"et_pb_menu_page_id-329 menu-item menu-item-type-post_type menu-item-object-page menu-item-363\"><a href=\"https:\/\/domainedubocq.be\/de\/campingplatz-escalade\/\">Escalade<\/a><\/li>\n<li id=\"menu-item-2762\" class=\"et_pb_menu_page_id-2756 menu-item menu-item-type-post_type menu-item-object-page menu-item-2762\"><a href=\"https:\/\/domainedubocq.be\/de\/camping-feld-rocher\/\">Rocher<\/a><\/li>\n<\/ul><\/nav>\n\t\t\t\t\t\t\t<\/div>\n\t\t\t\t\t\t\t\n\t\t\t\t\t\t\t\n\t\t\t\t\t\t\t<div class=\"et_mobile_nav_menu\">\n\t\t\t\t<div class=\"mobile_nav closed\">\n\t\t\t\t\t<span class=\"mobile_menu_bar\"><\/span>\n\t\t\t\t<\/div>\n\t\t\t<\/div>\n\t\t\t\t\t\t<\/div>\n\t\t\t\t\t\t\n\t\t\t\t\t<\/div>\n\t\t\t\t<\/div><div class=\"et_pb_module et_d4_element dipi_image_gallery dipi_image_gallery_0\">\n\t\t\t\t\n\t\t\t\t\n\t\t\t\t\n\t\t\t\t\n\t\t\t\t\n\t\t\t\t\n\t\t\t\t<div class=\"et_pb_module_inner\">\n\t\t\t\t\t<div class=\"dipi-image-gallery dipi-ig-horizontal\" style=\"height: 100%\">\n            <div class=\"dipi-image-gallery-top\">\n                <div class=\"swiper-container dipi-image-gallery-top_0\"   data-direction=\"horizontal\" data-navigation=\"on\" data-ordernumber=\"0\" data-animation=\"slide\" data-autoplay=\"on\" data-main_redraw_after_slide_changed=\"off\" data-pause_on_hover=\"on\" data-autoplay_delay=\"5000\" data-enable_popup=\"off\" data-popup_animation=\"none\" data-popup_animation_duration=\"500\">\n                            <div class=\"swiper-wrapper\">\n                                <div class=\"et_pb_module et_d4_element dipi_image_gallery_child dipi_image_gallery_child_0 swiper-slide\">\n\t\t\t\t\n\t\t\t\t\n\t\t\t\t\n\t\t\t\t\n\t\t\t\t\n\t\t\t\t\n\t\t\t\t<div class=\"et_pb_module_inner\">\n\t\t\t\t\t<div href=\"https:\/\/domainedubocq.be\/wp-content\/uploads\/2022\/05\/Domaine-du-bocq-130320220505-1.jpg\" class=\"swiper-slide-container\" role=\"figure\" aria-labelledby=\"Kamperen ardennen\" style=\"background-image:url(https:\/\/domainedubocq.be\/wp-content\/uploads\/2022\/05\/Domaine-du-bocq-130320220505-1.jpg);background-size:cover;background-repeat: no-repeat;\">\n                \n                \n            <\/div>\n\t\t\t\t<\/div>\n\t\t\t<\/div><div class=\"et_pb_module et_d4_element dipi_image_gallery_child dipi_image_gallery_child_1 swiper-slide\">\n\t\t\t\t\n\t\t\t\t\n\t\t\t\t\n\t\t\t\t\n\t\t\t\t\n\t\t\t\t\n\t\t\t\t<div class=\"et_pb_module_inner\">\n\t\t\t\t\t<div href=\"https:\/\/domainedubocq.be\/wp-content\/uploads\/2022\/05\/Domaine-du-bocq-130720220505-1.jpg\" class=\"swiper-slide-container\" role=\"figure\" aria-labelledby=\"kamperen in tent\" style=\"background-image:url(https:\/\/domainedubocq.be\/wp-content\/uploads\/2022\/05\/Domaine-du-bocq-130720220505-1.jpg);background-size:cover;background-repeat: no-repeat;\">\n                \n                \n            <\/div>\n\t\t\t\t<\/div>\n\t\t\t<\/div><div class=\"et_pb_module et_d4_element dipi_image_gallery_child dipi_image_gallery_child_2 swiper-slide\">\n\t\t\t\t\n\t\t\t\t\n\t\t\t\t\n\t\t\t\t\n\t\t\t\t\n\t\t\t\t\n\t\t\t\t<div class=\"et_pb_module_inner\">\n\t\t\t\t\t<div href=\"https:\/\/domainedubocq.be\/wp-content\/uploads\/2022\/02\/DDB-17-mei-2021-6-scaled.jpg\" class=\"swiper-slide-container\" role=\"figure\" aria-labelledby=\"kampvuur avontuurlijk kamperen\" style=\"background-image:url(https:\/\/domainedubocq.be\/wp-content\/uploads\/2022\/02\/DDB-17-mei-2021-6-scaled.jpg);background-size:cover;background-repeat: no-repeat;\">\n                \n                \n            <\/div>\n\t\t\t\t<\/div>\n\t\t\t<\/div><div class=\"et_pb_module et_d4_element dipi_image_gallery_child dipi_image_gallery_child_3 swiper-slide\">\n\t\t\t\t\n\t\t\t\t\n\t\t\t\t\n\t\t\t\t\n\t\t\t\t\n\t\t\t\t\n\t\t\t\t<div class=\"et_pb_module_inner\">\n\t\t\t\t\t<div href=\"https:\/\/domainedubocq.be\/wp-content\/uploads\/2021\/12\/Camping-domaine-du-bocq-5.jpeg\" class=\"swiper-slide-container\" role=\"figure\" aria-labelledby=\"kamperen in de natuur\" style=\"background-image:url(https:\/\/domainedubocq.be\/wp-content\/uploads\/2021\/12\/Camping-domaine-du-bocq-5.jpeg);background-size:cover;background-repeat: no-repeat;\">\n                \n                \n            <\/div>\n\t\t\t\t<\/div>\n\t\t\t<\/div><div class=\"et_pb_module et_d4_element dipi_image_gallery_child dipi_image_gallery_child_4 swiper-slide\">\n\t\t\t\t\n\t\t\t\t\n\t\t\t\t\n\t\t\t\t\n\t\t\t\t\n\t\t\t\t\n\t\t\t\t<div class=\"et_pb_module_inner\">\n\t\t\t\t\t<div href=\"https:\/\/domainedubocq.be\/wp-content\/uploads\/2022\/02\/P8080947-scaled.jpg\" class=\"swiper-slide-container\" role=\"figure\" aria-labelledby=\"Kamperen aan het water\" style=\"background-image:url(https:\/\/domainedubocq.be\/wp-content\/uploads\/2022\/02\/P8080947-scaled.jpg);background-size:cover;background-repeat: no-repeat;\">\n                \n                \n            <\/div>\n\t\t\t\t<\/div>\n\t\t\t<\/div>\n                            <\/div>  \n                        <\/div>\n                        <div class=\"swiper-button-next swiper-arrow-button dipi-sbn0 dipi-ig-top-nav\" data-icon=\"&#x24;\"><\/div> \n                 <div class=\"swiper-button-prev swiper-arrow-button dipi-sbp0 dipi-ig-top-nav\" data-icon=\"&#x23;\"><\/div>\n                <\/div> \n        <div class=\"dipi-image-gallery-thumbs\">\n            <div class=\"swiper-container dipi-image-gallery-thumbs_0 dipi-thumbs-horizontal dipi-img-thumbs-bottom\"  data-direction=\"horizontal\" data-columnsdesktop=\"4\" data-columnstablet=\"4\" data-columnsphone=\"4\" data-spacebetween=\"10\" data-spacebetween_tablet=\"10\" data-spacebetween_phone=\"10\" data-centered=\"off\" data-thumbs_loop=\"on\" data-ordernumber=\"0\" data-navigation=\"off\" data-is_tb_body=\"off\">\n                <div class=\"swiper-wrapper\">\n                    \n                <div class=\"dipi_image_gallery_child swiper-slide\" data-class=\"dipi_image_gallery_child_0\">\n                    <div class=\"swiper-slide-container\" role=\"figure\" aria-labelledby=\"\" style=\"background-image:url(https:\/\/domainedubocq.be\/wp-content\/uploads\/2022\/05\/Domaine-du-bocq-130320220505-1.jpg);background-size:cover;    background-repeat: no-repeat;\"><\/div>\n                <\/div>\n                <div class=\"dipi_image_gallery_child swiper-slide\" data-class=\"dipi_image_gallery_child_1\">\n                    <div class=\"swiper-slide-container\" role=\"figure\" aria-labelledby=\"\" style=\"background-image:url(https:\/\/domainedubocq.be\/wp-content\/uploads\/2022\/05\/Domaine-du-bocq-130720220505-1.jpg);background-size:cover;    background-repeat: no-repeat;\"><\/div>\n                <\/div>\n                <div class=\"dipi_image_gallery_child swiper-slide\" data-class=\"dipi_image_gallery_child_2\">\n                    <div class=\"swiper-slide-container\" role=\"figure\" aria-labelledby=\"\" style=\"background-image:url(https:\/\/domainedubocq.be\/wp-content\/uploads\/2022\/02\/DDB-17-mei-2021-6-scaled.jpg);background-size:cover;    background-repeat: no-repeat;\"><\/div>\n                <\/div>\n                <div class=\"dipi_image_gallery_child swiper-slide\" data-class=\"dipi_image_gallery_child_3\">\n                    <div class=\"swiper-slide-container\" role=\"figure\" aria-labelledby=\"\" style=\"background-image:url(https:\/\/domainedubocq.be\/wp-content\/uploads\/2021\/12\/Camping-domaine-du-bocq-5.jpeg);background-size:cover;    background-repeat: no-repeat;\"><\/div>\n                <\/div>\n                <div class=\"dipi_image_gallery_child swiper-slide\" data-class=\"dipi_image_gallery_child_4\">\n                    <div class=\"swiper-slide-container\" role=\"figure\" aria-labelledby=\"\" style=\"background-image:url(https:\/\/domainedubocq.be\/wp-content\/uploads\/2022\/02\/P8080947-scaled.jpg);background-size:cover;    background-repeat: no-repeat;\"><\/div>\n                <\/div>\n                <\/div>\n            <\/div>\n        <\/div><\/div>\n\t\t\t\t<\/div>\n\t\t\t<\/div>\n\t\t\t<\/div><div class=\"et_d4_element et_pb_column_1_2 et_pb_column et_pb_column_1   et_pb_specialty_column  et_pb_css_mix_blend_mode et-last-child et_block_column\">\n\t\t\t\t\n\t\t\t\t\n\t\t\t\t\n\t\t\t\t\n\t\t\t\t<div class=\"et_d4_element et_pb_row_inner et_pb_row_inner_0 et_pb_gutters2  et_pb_css_mix_blend_mode et_block_row\">\n\t\t\t\t<div class=\"et_pb_column et_pb_column_1_4 et_d4_element et_pb_column_inner et_pb_column_inner_0  et_pb_css_mix_blend_mode et_block_column\">\n\t\t\t\t\n\t\t\t\t\n\t\t\t\t\n\t\t\t\t\n\t\t\t\t<div class=\"et_pb_module et_d4_element et_pb_text et_pb_text_0  et_pb_text_align_left et_pb_bg_layout_light\">\n\t\t\t\t\n\t\t\t\t\n\t\t\t\t\n\t\t\t\t\n\t\t\t\t<div class=\"et_pb_text_inner\"><h1>Zeltplatz Rustique<\/h1><\/div>\n\t\t\t<\/div>\n\t\t\t<\/div><div class=\"et_pb_column et_pb_column_1_4 et_d4_element et_pb_column_inner et_pb_column_inner_1  et_pb_css_mix_blend_mode et-last-child et_block_column\">\n\t\t\t\t\n\t\t\t\t\n\t\t\t\t\n\t\t\t\t\n\t\t\t\t<div class=\"et_pb_button_module_wrapper et_pb_button_0_wrapper  et_pb_module\">\n\t\t\t\t<a class=\"et_pb_button et_d4_element et_pb_button_0 et_pb_bg_layout_light et_block_module\" href=\"https:\/\/booking.camping.care\/nl\/domaine-du-bocq\/accommodations\/172853\" data-icon=\"$\" target=\"_blank\" rel=\"noopener\">Jetzt buchen<\/a>\n\t\t\t<\/div>\n\t\t\t<\/div>\n\t\t\t\t\n\t\t\t\t\n\t\t\t\t\n\t\t\t\t\n\t\t\t<\/div><div class=\"et_d4_element et_pb_row_inner et_pb_row_inner_1 et_pb_gutters2  et_pb_css_mix_blend_mode et_block_row\">\n\t\t\t\t<div class=\"et_pb_column et_pb_column_1_4 et_d4_element et_pb_column_inner et_pb_column_inner_2  et_pb_css_mix_blend_mode et_block_column\">\n\t\t\t\t\n\t\t\t\t\n\t\t\t\t\n\t\t\t\t\n\t\t\t\t<div class=\"et_pb_module et_d4_element et_pb_blurb et_pb_blurb_0  et_pb_text_align_left  et_pb_blurb_position_left et_block_module et_pb_bg_layout_light\">\n\t\t\t\t\n\t\t\t\t\n\t\t\t\t\n\t\t\t\t\n\t\t\t\t<div class=\"et_pb_blurb_content\">\n\t\t\t\t\t<div class=\"et_pb_main_blurb_image et_pb_css_mix_blend_mode\"><span class=\"et_pb_image_wrap\"><span class=\"et-waypoint et_pb_animation_top et_pb_animation_top_tablet et_pb_animation_top_phone et-pb-icon\">\uf153<\/span><\/span><\/div>\n\t\t\t\t\t<div class=\"et_pb_blurb_container\">\n\t\t\t\t\t\t<h4 class=\"et_pb_module_header\"><span>Preis<\/span><\/h4>\n\t\t\t\t\t\t<div class=\"et_pb_blurb_description\"><p>Ab 29,50 \u20ac pro Nacht<\/p><\/div>\n\t\t\t\t\t<\/div>\n\t\t\t\t<\/div>\n\t\t\t<\/div>\n\t\t\t<\/div><div class=\"et_pb_column et_pb_column_1_4 et_d4_element et_pb_column_inner et_pb_column_inner_3  et_pb_css_mix_blend_mode et-last-child et_block_column\">\n\t\t\t\t\n\t\t\t\t\n\t\t\t\t\n\t\t\t\t\n\t\t\t\t<div class=\"et_pb_module et_d4_element et_pb_blurb et_pb_blurb_1  et_pb_text_align_left  et_pb_blurb_position_left et_block_module et_pb_bg_layout_light\">\n\t\t\t\t\n\t\t\t\t\n\t\t\t\t\n\t\t\t\t\n\t\t\t\t<div class=\"et_pb_blurb_content\">\n\t\t\t\t\t<div class=\"et_pb_main_blurb_image et_pb_css_mix_blend_mode\"><span class=\"et_pb_image_wrap\"><span class=\"et-waypoint et_pb_animation_top et_pb_animation_top_tablet et_pb_animation_top_phone et-pb-icon\">\uf0c0<\/span><\/span><\/div>\n\t\t\t\t\t<div class=\"et_pb_blurb_container\">\n\t\t\t\t\t\t<h4 class=\"et_pb_module_header\"><span>Maximale Kapazit\u00e4t<\/span><\/h4>\n\t\t\t\t\t\t<div class=\"et_pb_blurb_description\"><p>6 Personen pro Zelt<\/p><\/div>\n\t\t\t\t\t<\/div>\n\t\t\t\t<\/div>\n\t\t\t<\/div>\n\t\t\t<\/div>\n\t\t\t\t\n\t\t\t\t\n\t\t\t\t\n\t\t\t\t\n\t\t\t<\/div><div class=\"et_d4_element et_pb_row_inner et_pb_row_inner_2 et_pb_gutters2  et_pb_css_mix_blend_mode et_block_row\">\n\t\t\t\t<div class=\"et_pb_column et_pb_column_1_4 et_d4_element et_pb_column_inner et_pb_column_inner_4  et_pb_css_mix_blend_mode et_block_column\">\n\t\t\t\t\n\t\t\t\t\n\t\t\t\t\n\t\t\t\t\n\t\t\t\t<div class=\"et_pb_module et_d4_element et_pb_blurb et_pb_blurb_2  et_pb_text_align_left  et_pb_blurb_position_left et_block_module et_pb_bg_layout_light\">\n\t\t\t\t\n\t\t\t\t\n\t\t\t\t\n\t\t\t\t\n\t\t\t\t<div class=\"et_pb_blurb_content\">\n\t\t\t\t\t<div class=\"et_pb_main_blurb_image et_pb_css_mix_blend_mode\"><span class=\"et_pb_image_wrap\"><span class=\"et-waypoint et_pb_animation_top et_pb_animation_top_tablet et_pb_animation_top_phone et-pb-icon\">\uf4fc<\/span><\/span><\/div>\n\t\t\t\t\t<div class=\"et_pb_blurb_container\">\n\t\t\t\t\t\t<h4 class=\"et_pb_module_header\"><span>Einchecken<\/span><\/h4>\n\t\t\t\t\t\t<div class=\"et_pb_blurb_description\"><p>14:00 h<\/p><\/div>\n\t\t\t\t\t<\/div>\n\t\t\t\t<\/div>\n\t\t\t<\/div>\n\t\t\t<\/div><div class=\"et_pb_column et_pb_column_1_4 et_d4_element et_pb_column_inner et_pb_column_inner_5  et_pb_css_mix_blend_mode et-last-child et_block_column\">\n\t\t\t\t\n\t\t\t\t\n\t\t\t\t\n\t\t\t\t\n\t\t\t\t<div class=\"et_pb_module et_d4_element et_pb_blurb et_pb_blurb_3  et_pb_text_align_left  et_pb_blurb_position_left et_block_module et_pb_bg_layout_light\">\n\t\t\t\t\n\t\t\t\t\n\t\t\t\t\n\t\t\t\t\n\t\t\t\t<div class=\"et_pb_blurb_content\">\n\t\t\t\t\t<div class=\"et_pb_main_blurb_image et_pb_css_mix_blend_mode\"><span class=\"et_pb_image_wrap\"><span class=\"et-waypoint et_pb_animation_top et_pb_animation_top_tablet et_pb_animation_top_phone et-pb-icon\">\uf235<\/span><\/span><\/div>\n\t\t\t\t\t<div class=\"et_pb_blurb_container\">\n\t\t\t\t\t\t<h4 class=\"et_pb_module_header\"><span>\u00dcberpr\u00fcfen Sie<\/span><\/h4>\n\t\t\t\t\t\t<div class=\"et_pb_blurb_description\"><p>12:00 Uhr<\/p><\/div>\n\t\t\t\t\t<\/div>\n\t\t\t\t<\/div>\n\t\t\t<\/div>\n\t\t\t<\/div>\n\t\t\t\t\n\t\t\t\t\n\t\t\t\t\n\t\t\t\t\n\t\t\t<\/div><div class=\"et_d4_element et_pb_row_inner et_pb_row_inner_3  et_pb_css_mix_blend_mode et_block_row\">\n\t\t\t\t<div class=\"et_pb_column et_pb_column_4_4 et_d4_element et_pb_column_inner et_pb_column_inner_6  et_pb_css_mix_blend_mode et-last-child et_block_column\">\n\t\t\t\t\n\t\t\t\t\n\t\t\t\t\n\t\t\t\t\n\t\t\t\t<div class=\"et_pb_module et_d4_element et_pb_text et_pb_text_1  et_pb_text_align_left et_pb_bg_layout_light\">\n\t\t\t\t\n\t\t\t\t\n\t\t\t\t\n\t\t\t\t\n\t\t\t\t<div class=\"et_pb_text_inner\"><h2>Einrichtungen<\/h2><\/div>\n\t\t\t<\/div>\n\t\t\t<\/div>\n\t\t\t\t\n\t\t\t\t\n\t\t\t\t\n\t\t\t\t\n\t\t\t<\/div><div class=\"et_d4_element et_pb_row_inner et_pb_row_inner_4  et_pb_css_mix_blend_mode et_block_row\">\n\t\t\t\t<div class=\"et_pb_column et_pb_column_1_4 et_d4_element et_pb_column_inner et_pb_column_inner_7  et_pb_css_mix_blend_mode et_block_column\">\n\t\t\t\t\n\t\t\t\t\n\t\t\t\t\n\t\t\t\t\n\t\t\t\t<div class=\"et_pb_module et_d4_element dsm_icon_list dsm_icon_list_0\">\n\t\t\t\t\n\t\t\t\t\n\t\t\t\t\n\t\t\t\t\n\t\t\t\t\n\t\t\t\t\n\t\t\t\t<div class=\"et_pb_module_inner\">\n\t\t\t\t\t<ul class=\"dsm_icon_list_items dsm_icon_list_ltr_direction dsm_icon_list_layout_vertical\"><li class=\"et_d4_element dsm_icon_list_child dsm_icon_list_child_0\">\n\t\t\t\t\n\t\t\t\t\n\t\t\t\t\n\t\t\t\t\n\t\t\t\t<span class=\"dsm_icon_list_wrapper\"><span class=\"dsm_icon_list_icon\">N<\/span><\/span><span class=\"dsm_icon_list_text\">M\u00f6glichkeit eines eigenen Lagerfeuers<\/span>\n\t\t\t<\/li><li class=\"et_d4_element dsm_icon_list_child dsm_icon_list_child_1\">\n\t\t\t\t\n\t\t\t\t\n\t\t\t\t\n\t\t\t\t\n\t\t\t\t<span class=\"dsm_icon_list_wrapper\"><span class=\"dsm_icon_list_icon\">N<\/span><\/span><span class=\"dsm_icon_list_text\">Gro\u00dfes Campingfeld <\/span>\n\t\t\t<\/li><\/ul>\n\t\t\t\t<\/div>\n\t\t\t<\/div>\n\t\t\t<\/div><div class=\"et_pb_column et_pb_column_1_4 et_d4_element et_pb_column_inner et_pb_column_inner_8  et_pb_css_mix_blend_mode et-last-child et_block_column\">\n\t\t\t\t\n\t\t\t\t\n\t\t\t\t\n\t\t\t\t\n\t\t\t\t<div class=\"et_pb_module et_d4_element dsm_icon_list dsm_icon_list_1\">\n\t\t\t\t\n\t\t\t\t\n\t\t\t\t\n\t\t\t\t\n\t\t\t\t\n\t\t\t\t\n\t\t\t\t<div class=\"et_pb_module_inner\">\n\t\t\t\t\t<ul class=\"dsm_icon_list_items dsm_icon_list_ltr_direction dsm_icon_list_layout_vertical\"><li class=\"et_d4_element dsm_icon_list_child dsm_icon_list_child_2\">\n\t\t\t\t\n\t\t\t\t\n\t\t\t\t\n\t\t\t\t\n\t\t\t\t<span class=\"dsm_icon_list_wrapper\"><span class=\"dsm_icon_list_icon\">N<\/span><\/span><span class=\"dsm_icon_list_text\">In der N\u00e4he des Sportplatzes<\/span>\n\t\t\t<\/li><li class=\"et_d4_element dsm_icon_list_child dsm_icon_list_child_3\">\n\t\t\t\t\n\t\t\t\t\n\t\t\t\t\n\t\t\t\t\n\t\t\t\t<span class=\"dsm_icon_list_wrapper\"><span class=\"dsm_icon_list_icon\">N<\/span><\/span><span class=\"dsm_icon_list_text\">Ruhige Lage<\/span>\n\t\t\t<\/li><li class=\"et_d4_element dsm_icon_list_child dsm_icon_list_child_4\">\n\t\t\t\t\n\t\t\t\t\n\t\t\t\t\n\t\t\t\t\n\t\t\t\t<span class=\"dsm_icon_list_wrapper\"><span class=\"dsm_icon_list_icon\">N<\/span><\/span><span class=\"dsm_icon_list_text\">Am Fluss du Bocq<\/span>\n\t\t\t<\/li><\/ul>\n\t\t\t\t<\/div>\n\t\t\t<\/div>\n\t\t\t<\/div>\n\t\t\t\t\n\t\t\t\t\n\t\t\t\t\n\t\t\t\t\n\t\t\t<\/div>\n\t\t\t<\/div>\n\t\t\t\t<\/div>\n\t\t\t\t\n\t\t\t<\/div><div class=\"et_d4_element et_pb_section et_pb_section_1  et_pb_css_mix_blend_mode et_section_regular et_block_section\" >\n\t\t\t\t\n\t\t\t\t\n\t\t\t\t\n\t\t\t\t\n\t\t\t\t\n\t\t\t\t\n\t\t\t\t<div class=\"et_d4_element et_pb_row et_pb_row_0  et_pb_css_mix_blend_mode et_block_row\">\n\t\t\t\t<div class=\"et_d4_element et_pb_column_4_4 et_pb_column et_pb_column_2  et_pb_css_mix_blend_mode et-last-child et_block_column\">\n\t\t\t\t\n\t\t\t\t\n\t\t\t\t\n\t\t\t\t\n\t\t\t\t<div class=\"et_pb_module et_d4_element et_pb_text et_pb_text_2  et_pb_text_align_left et_pb_bg_layout_light\">\n\t\t\t\t\n\t\t\t\t\n\t\t\t\t\n\t\t\t\t\n\t\t\t\t<div class=\"et_pb_text_inner\"><p>Entdecken Sie den Charme des Camping Field Rustique, der wundersch\u00f6n am ruhigen Fluss du Bocq liegt. Ideal f\u00fcr Zeltcamper, die Ruhe und Natur suchen, bietet dieser Platz eine einzigartige M\u00f6glichkeit, direkt am Wasser zu \u00fcbernachten. Mit einem sch\u00f6nen Blick auf die Eisenbahnbr\u00fccke und die Durchfahrt des Touristenzuges im Sommer ist dieser Platz ein Favorit f\u00fcr Naturliebhaber und Zugbeobachter gleicherma\u00dfen.<\/p>\n<h2>Praktische Informationen<\/h2>\n<p>Dieser Zeltplatz befindet sich am Ende des Campingplatzes neben dem Fl\u00fcsschen du Bocq. Von diesem Platz aus haben Sie einen Blick auf die Eisenbahnbr\u00fccke, \u00fcber die im Sommer ein Touristenzug f\u00e4hrt, ein sehr sch\u00f6ner Anblick!<\/p>\n<p>Von dieser Wiese aus kann man leicht den Fluss \u00fcberqueren und sch\u00f6ne Spazierg\u00e4nge in der Umgebung machen oder einen guten Angelplatz finden. Auf dieser Wiese k\u00f6nnen Sie Ihr eigenes Lagerfeuer in einer Feuerstelle machen! Dies kann an der Rezeption arrangiert werden. M\u00f6chten Sie einen Stromanschluss in der N\u00e4he des Zeltes? Dies kann bei der Ankunft auf dem Campingplatz gebucht werden.<\/p>\n<p>Der Grundpreis beinhaltet 2 Personen und 1 Transportmittel.<\/p>\n<h3>Buchen Sie Ihren Aufenthalt<\/h3>\n<p>Camping Field Rustique ist pro Nacht f\u00fcr zwei Personen mit einem Fahrzeug verf\u00fcgbar. Erleben Sie die Ruhe dieses sch\u00f6nen Campingplatzes selbst und buchen Sie noch heute Ihren Aufenthalt\u00a0<strong><a href=\"https:\/\/booking.camping.care\/nl\/domaine-du-bocq\/accommodations\/172853\" target=\"_blank\" rel=\"noopener\">B\u00fccher<\/a>.<\/strong><\/p>\n<h2>Einrichtungen und Annehmlichkeiten<\/h2>\n<ul>\n<li aria-level=\"1\"><strong>Eigener Lagerfeuerplatz<\/strong>Abends k\u00f6nnen Sie den Abend mit einem gem\u00fctlichen Lagerfeuer ausklingen lassen, f\u00fcr das Sie an der Rezeption Feuerschalen erhalten.<\/li>\n<li aria-level=\"1\"><strong>Nat\u00fcrliche Umwelt<\/strong>Direkter Zugang zum Fluss bietet perfekte M\u00f6glichkeiten zum Angeln oder einfach nur zum Genie\u00dfen des flie\u00dfenden Wassers.<\/li>\n<li aria-level=\"1\"><strong>Aktivit\u00e4ten<\/strong>: Am Ende des Campingplatzes gelegen, ist dieses Feld ein guter Ausgangspunkt f\u00fcr <strong><a href=\"https:\/\/domainedubocq.be\/de\/die-schonsten-wanderwege-in-den-ardennen\/\">geht<\/a><\/strong> in dem Gebiet.<\/li>\n<\/ul>\n<h2>Komfort und Natur genie\u00dfen<\/h2>\n<p>Der Campingplatz Rustique verbindet Komfort mit der Sch\u00f6nheit der Ardennen. Mit Annehmlichkeiten wie der M\u00f6glichkeit, Strom bei der Ankunft zu buchen, bietet dieser Platz ein unbeschwertes Campingerlebnis in einer der sch\u00f6nsten Gegenden des Campingplatzes.<\/p>\n<p>&nbsp;<\/p><\/div>\n\t\t\t<\/div>\n\t\t\t<\/div>\n\t\t\t\t\n\t\t\t\t\n\t\t\t\t\n\t\t\t\t\n\t\t\t<\/div>\n\t\t\t\t\n\t\t\t\t\n\t\t\t<\/div><\/p>","protected":false},"excerpt":{"rendered":"","protected":false},"author":1,"featured_media":0,"parent":0,"menu_order":0,"comment_status":"closed","ping_status":"closed","template":"","meta":{"_et_pb_use_builder":"on","_et_pb_old_content":"","_et_gb_content_width":"","footnotes":""},"dipi_cpt_category":[],"class_list":["post-347","page","type-page","status-publish","hentry"],"_links":{"self":[{"href":"https:\/\/domainedubocq.be\/de\/wp-json\/wp\/v2\/pages\/347","targetHints":{"allow":["GET"]}}],"collection":[{"href":"https:\/\/domainedubocq.be\/de\/wp-json\/wp\/v2\/pages"}],"about":[{"href":"https:\/\/domainedubocq.be\/de\/wp-json\/wp\/v2\/types\/page"}],"author":[{"embeddable":true,"href":"https:\/\/domainedubocq.be\/de\/wp-json\/wp\/v2\/users\/1"}],"replies":[{"embeddable":true,"href":"https:\/\/domainedubocq.be\/de\/wp-json\/wp\/v2\/comments?post=347"}],"version-history":[{"count":1,"href":"https:\/\/domainedubocq.be\/de\/wp-json\/wp\/v2\/pages\/347\/revisions"}],"predecessor-version":[{"id":2971,"href":"https:\/\/domainedubocq.be\/de\/wp-json\/wp\/v2\/pages\/347\/revisions\/2971"}],"wp:attachment":[{"href":"https:\/\/domainedubocq.be\/de\/wp-json\/wp\/v2\/media?parent=347"}],"wp:term":[{"taxonomy":"dipi_cpt_category","embeddable":true,"href":"https:\/\/domainedubocq.be\/de\/wp-json\/wp\/v2\/dipi_cpt_category?post=347"}],"curies":[{"name":"wp","href":"https:\/\/api.w.org\/{rel}","templated":true}]}}