{"id":371,"date":"2021-12-08T14:00:23","date_gmt":"2021-12-08T14:00:23","guid":{"rendered":"http:\/\/domainedubocq.be\/?page_id=371"},"modified":"2026-01-26T16:43:27","modified_gmt":"2026-01-26T15:43:27","slug":"pitch-arbre","status":"publish","type":"page","link":"https:\/\/domainedubocq.be\/de\/pitch-arbre\/","title":{"rendered":"Stellplatz Arbre"},"content":{"rendered":"<p><div class=\"et_d4_element et_pb_section et_pb_section_0  et_pb_css_mix_blend_mode et_section_specialty et_pb_section--with-menu et_block_section\" >\n\t\t\t\t\n\t\t\t\t\n\t\t\t\t\n\t\t\t\t\n\t\t\t\t\n\t\t\t\t<div class=\"et_pb_row et_block_row et_d4_element\">\n\t\t\t\t<div class=\"et_d4_element et_pb_column_1_2 et_pb_column et_pb_column_0    et_pb_css_mix_blend_mode et_pb_column--with-menu et_block_column\">\n\t\t\t\t\n\t\t\t\t\n\t\t\t\t\n\t\t\t\t\n\t\t\t\t<div class=\"et_pb_module et_d4_element et_pb_menu et_pb_menu_0 et_pb_bg_layout_light  et_pb_text_align_left et_dropdown_animation_fade et_pb_menu--without-logo et_pb_menu--style-left_aligned\">\n\t\t\t\t\t\n\t\t\t\t\t\n\t\t\t\t\t\n\t\t\t\t\t\n\t\t\t\t\t<div class=\"et_pb_menu_inner_container clearfix\">\n\t\t\t\t\t\t\n\t\t\t\t\t\t<div class=\"et_pb_menu__wrap\">\n\t\t\t\t\t\t\t<div class=\"et_pb_menu__menu\">\n\t\t\t\t\t\t\t\t<nav class=\"et-menu-nav\"><ul id=\"menu-staanplaatsen\" class=\"et-menu nav\"><li id=\"menu-item-381\" class=\"et_pb_menu_page_id-371 menu-item menu-item-type-post_type menu-item-object-page menu-item-381\"><a href=\"https:\/\/domainedubocq.be\/de\/pitch-arbre\/\">Arbre<\/a><\/li>\n<li id=\"menu-item-382\" class=\"et_pb_menu_page_id-370 menu-item menu-item-type-post_type menu-item-object-page menu-item-382\"><a href=\"https:\/\/domainedubocq.be\/de\/pech-niviere\/\">Rivi\u00e8re<\/a><\/li>\n<li id=\"menu-item-383\" class=\"et_pb_menu_page_id-369 menu-item menu-item-type-post_type menu-item-object-page menu-item-383\"><a href=\"https:\/\/domainedubocq.be\/de\/zentrales-spielfeld\/\">Zentrale<\/a><\/li>\n<li id=\"menu-item-384\" class=\"et_pb_menu_page_id-368 menu-item menu-item-type-post_type menu-item-object-page menu-item-384\"><a href=\"https:\/\/domainedubocq.be\/de\/pech-etoile\/\">Etoile<\/a><\/li>\n<li id=\"menu-item-2763\" class=\"et_pb_menu_page_id-2752 menu-item menu-item-type-post_type menu-item-object-page menu-item-2763\"><a href=\"https:\/\/domainedubocq.be\/de\/pechvogel\/\">Rocher<\/a><\/li>\n<\/ul><\/nav>\n\t\t\t\t\t\t\t<\/div>\n\t\t\t\t\t\t\t\n\t\t\t\t\t\t\t\n\t\t\t\t\t\t\t<div class=\"et_mobile_nav_menu\">\n\t\t\t\t<div class=\"mobile_nav closed\">\n\t\t\t\t\t<span class=\"mobile_menu_bar\"><\/span>\n\t\t\t\t<\/div>\n\t\t\t<\/div>\n\t\t\t\t\t\t<\/div>\n\t\t\t\t\t\t\n\t\t\t\t\t<\/div>\n\t\t\t\t<\/div><div class=\"et_pb_module et_d4_element dipi_image_gallery dipi_image_gallery_0\">\n\t\t\t\t\n\t\t\t\t\n\t\t\t\t\n\t\t\t\t\n\t\t\t\t\n\t\t\t\t\n\t\t\t\t<div class=\"et_pb_module_inner\">\n\t\t\t\t\t<div class=\"dipi-image-gallery dipi-ig-horizontal\" style=\"height: 100%\">\n            <div class=\"dipi-image-gallery-top\">\n                <div class=\"swiper-container dipi-image-gallery-top_0\"   data-direction=\"horizontal\" data-navigation=\"on\" data-ordernumber=\"0\" data-animation=\"slide\" data-autoplay=\"on\" data-main_redraw_after_slide_changed=\"off\" data-pause_on_hover=\"on\" data-autoplay_delay=\"5000\" data-enable_popup=\"off\" data-popup_animation=\"none\" data-popup_animation_duration=\"500\">\n                            <div class=\"swiper-wrapper\">\n                                <div class=\"et_pb_module et_d4_element dipi_image_gallery_child dipi_image_gallery_child_0 swiper-slide\">\n\t\t\t\t\n\t\t\t\t\n\t\t\t\t\n\t\t\t\t\n\t\t\t\t\n\t\t\t\t\n\t\t\t\t<div class=\"et_pb_module_inner\">\n\t\t\t\t\t<div href=\"https:\/\/domainedubocq.be\/wp-content\/uploads\/2022\/05\/kampeerplek-riviere-5.jpg\" class=\"swiper-slide-container\" role=\"figure\" aria-labelledby=\"Staanplaats voor de camper\" style=\"background-image:url(https:\/\/domainedubocq.be\/wp-content\/uploads\/2022\/05\/kampeerplek-riviere-5.jpg);background-size:cover;background-repeat: no-repeat;\">\n                \n                \n            <\/div>\n\t\t\t\t<\/div>\n\t\t\t<\/div><div class=\"et_pb_module et_d4_element dipi_image_gallery_child dipi_image_gallery_child_1 swiper-slide\">\n\t\t\t\t\n\t\t\t\t\n\t\t\t\t\n\t\t\t\t\n\t\t\t\t\n\t\t\t\t\n\t\t\t\t<div class=\"et_pb_module_inner\">\n\t\t\t\t\t<div href=\"https:\/\/domainedubocq.be\/wp-content\/uploads\/2022\/02\/Camping-domaine-du-bocq-2-zonder-nummerbord-1.jpg\" class=\"swiper-slide-container\" role=\"figure\" aria-labelledby=\"Met de camper op vakantie\" style=\"background-image:url(https:\/\/domainedubocq.be\/wp-content\/uploads\/2022\/02\/Camping-domaine-du-bocq-2-zonder-nummerbord-1.jpg);background-size:cover;background-repeat: no-repeat;\">\n                \n                \n            <\/div>\n\t\t\t\t<\/div>\n\t\t\t<\/div><div class=\"et_pb_module et_d4_element dipi_image_gallery_child dipi_image_gallery_child_2 swiper-slide\">\n\t\t\t\t\n\t\t\t\t\n\t\t\t\t\n\t\t\t\t\n\t\t\t\t\n\t\t\t\t\n\t\t\t\t<div class=\"et_pb_module_inner\">\n\t\t\t\t\t<div href=\"https:\/\/domainedubocq.be\/wp-content\/uploads\/2022\/02\/Camping-domaine-du-bocq-8.jpeg\" class=\"swiper-slide-container\" role=\"figure\" aria-labelledby=\"Op vakantie met de camper\" style=\"background-image:url(https:\/\/domainedubocq.be\/wp-content\/uploads\/2022\/02\/Camping-domaine-du-bocq-8.jpeg);background-size:cover;background-repeat: no-repeat;\">\n                \n                \n            <\/div>\n\t\t\t\t<\/div>\n\t\t\t<\/div><div class=\"et_pb_module et_d4_element dipi_image_gallery_child dipi_image_gallery_child_3 swiper-slide\">\n\t\t\t\t\n\t\t\t\t\n\t\t\t\t\n\t\t\t\t\n\t\t\t\t\n\t\t\t\t\n\t\t\t\t<div class=\"et_pb_module_inner\">\n\t\t\t\t\t<div href=\"https:\/\/domainedubocq.be\/wp-content\/uploads\/2022\/05\/Domaine-du-bocq-061120220503-1.jpg\" class=\"swiper-slide-container\" role=\"figure\" aria-labelledby=\"Kamperen met de camper in Belgi\u00eb\" style=\"background-image:url(https:\/\/domainedubocq.be\/wp-content\/uploads\/2022\/05\/Domaine-du-bocq-061120220503-1.jpg);background-size:cover;background-repeat: no-repeat;\">\n                \n                \n            <\/div>\n\t\t\t\t<\/div>\n\t\t\t<\/div><div class=\"et_pb_module et_d4_element dipi_image_gallery_child dipi_image_gallery_child_4 swiper-slide\">\n\t\t\t\t\n\t\t\t\t\n\t\t\t\t\n\t\t\t\t\n\t\t\t\t\n\t\t\t\t\n\t\t\t\t<div class=\"et_pb_module_inner\">\n\t\t\t\t\t<div href=\"https:\/\/domainedubocq.be\/wp-content\/uploads\/2022\/05\/kampeerplek-riviere-2.jpg\" class=\"swiper-slide-container\" role=\"figure\" aria-labelledby=\"Kamperen in de natuur met een camper\" style=\"background-image:url(https:\/\/domainedubocq.be\/wp-content\/uploads\/2022\/05\/kampeerplek-riviere-2.jpg);background-size:cover;background-repeat: no-repeat;\">\n                \n                \n            <\/div>\n\t\t\t\t<\/div>\n\t\t\t<\/div>\n                            <\/div>  \n                        <\/div>\n                        <div class=\"swiper-button-next swiper-arrow-button dipi-sbn0 dipi-ig-top-nav\" data-icon=\"&#x24;\"><\/div> \n                 <div class=\"swiper-button-prev swiper-arrow-button dipi-sbp0 dipi-ig-top-nav\" data-icon=\"&#x23;\"><\/div>\n                <\/div> \n        <div class=\"dipi-image-gallery-thumbs\">\n            <div class=\"swiper-container dipi-image-gallery-thumbs_0 dipi-thumbs-horizontal dipi-img-thumbs-bottom\"  data-direction=\"horizontal\" data-columnsdesktop=\"4\" data-columnstablet=\"4\" data-columnsphone=\"4\" data-spacebetween=\"10\" data-spacebetween_tablet=\"10\" data-spacebetween_phone=\"10\" data-centered=\"off\" data-thumbs_loop=\"on\" data-ordernumber=\"0\" data-navigation=\"off\" data-is_tb_body=\"off\">\n                <div class=\"swiper-wrapper\">\n                    \n                <div class=\"dipi_image_gallery_child swiper-slide\" data-class=\"dipi_image_gallery_child_0\">\n                    <div class=\"swiper-slide-container\" role=\"figure\" aria-labelledby=\"\" style=\"background-image:url(https:\/\/domainedubocq.be\/wp-content\/uploads\/2022\/05\/kampeerplek-riviere-5.jpg);background-size:cover;    background-repeat: no-repeat;\"><\/div>\n                <\/div>\n                <div class=\"dipi_image_gallery_child swiper-slide\" data-class=\"dipi_image_gallery_child_1\">\n                    <div class=\"swiper-slide-container\" role=\"figure\" aria-labelledby=\"\" style=\"background-image:url(https:\/\/domainedubocq.be\/wp-content\/uploads\/2022\/02\/Camping-domaine-du-bocq-2-zonder-nummerbord-1.jpg);background-size:cover;    background-repeat: no-repeat;\"><\/div>\n                <\/div>\n                <div class=\"dipi_image_gallery_child swiper-slide\" data-class=\"dipi_image_gallery_child_2\">\n                    <div class=\"swiper-slide-container\" role=\"figure\" aria-labelledby=\"\" style=\"background-image:url(https:\/\/domainedubocq.be\/wp-content\/uploads\/2022\/02\/Camping-domaine-du-bocq-8.jpeg);background-size:cover;    background-repeat: no-repeat;\"><\/div>\n                <\/div>\n                <div class=\"dipi_image_gallery_child swiper-slide\" data-class=\"dipi_image_gallery_child_3\">\n                    <div class=\"swiper-slide-container\" role=\"figure\" aria-labelledby=\"\" style=\"background-image:url(https:\/\/domainedubocq.be\/wp-content\/uploads\/2022\/05\/Domaine-du-bocq-061120220503-1.jpg);background-size:cover;    background-repeat: no-repeat;\"><\/div>\n                <\/div>\n                <div class=\"dipi_image_gallery_child swiper-slide\" data-class=\"dipi_image_gallery_child_4\">\n                    <div class=\"swiper-slide-container\" role=\"figure\" aria-labelledby=\"\" style=\"background-image:url(https:\/\/domainedubocq.be\/wp-content\/uploads\/2022\/05\/kampeerplek-riviere-2.jpg);background-size:cover;    background-repeat: no-repeat;\"><\/div>\n                <\/div>\n                <\/div>\n            <\/div>\n        <\/div><\/div>\n\t\t\t\t<\/div>\n\t\t\t<\/div>\n\t\t\t<\/div><div class=\"et_d4_element et_pb_column_1_2 et_pb_column et_pb_column_1   et_pb_specialty_column  et_pb_css_mix_blend_mode et-last-child et_block_column\">\n\t\t\t\t\n\t\t\t\t\n\t\t\t\t\n\t\t\t\t\n\t\t\t\t<div class=\"et_d4_element et_pb_row_inner et_pb_row_inner_0 et_pb_gutters2  et_pb_css_mix_blend_mode et_block_row\">\n\t\t\t\t<div class=\"et_pb_column et_pb_column_1_4 et_d4_element et_pb_column_inner et_pb_column_inner_0  et_pb_css_mix_blend_mode et_block_column\">\n\t\t\t\t\n\t\t\t\t\n\t\t\t\t\n\t\t\t\t\n\t\t\t\t<div class=\"et_pb_module et_d4_element et_pb_text et_pb_text_0  et_pb_text_align_left et_pb_bg_layout_light\">\n\t\t\t\t\n\t\t\t\t\n\t\t\t\t\n\t\t\t\t\n\t\t\t\t<div class=\"et_pb_text_inner\"><h1>Stellplatz Arbre<\/h1><\/div>\n\t\t\t<\/div>\n\t\t\t<\/div><div class=\"et_pb_column et_pb_column_1_4 et_d4_element et_pb_column_inner et_pb_column_inner_1  et_pb_css_mix_blend_mode et-last-child et_block_column\">\n\t\t\t\t\n\t\t\t\t\n\t\t\t\t\n\t\t\t\t\n\t\t\t\t<div class=\"et_pb_button_module_wrapper et_pb_button_0_wrapper  et_pb_module\">\n\t\t\t\t<a class=\"et_pb_button et_d4_element et_pb_button_0 et_pb_bg_layout_light et_block_module\" href=\"https:\/\/booking.camping.care\/nl\/domaine-du-bocq\/accommodations\/172857\" data-icon=\"$\" target=\"_blank\" rel=\"noopener\">Jetzt buchen<\/a>\n\t\t\t<\/div>\n\t\t\t<\/div>\n\t\t\t\t\n\t\t\t\t\n\t\t\t\t\n\t\t\t\t\n\t\t\t<\/div><div class=\"et_d4_element et_pb_row_inner et_pb_row_inner_1 et_pb_gutters2  et_pb_css_mix_blend_mode et_block_row\">\n\t\t\t\t<div class=\"et_pb_column et_pb_column_1_4 et_d4_element et_pb_column_inner et_pb_column_inner_2  et_pb_css_mix_blend_mode et_block_column\">\n\t\t\t\t\n\t\t\t\t\n\t\t\t\t\n\t\t\t\t\n\t\t\t\t<div class=\"et_pb_module et_d4_element et_pb_blurb et_pb_blurb_0  et_pb_text_align_left  et_pb_blurb_position_left et_block_module et_pb_bg_layout_light\">\n\t\t\t\t\n\t\t\t\t\n\t\t\t\t\n\t\t\t\t\n\t\t\t\t<div class=\"et_pb_blurb_content\">\n\t\t\t\t\t<div class=\"et_pb_main_blurb_image et_pb_css_mix_blend_mode\"><span class=\"et_pb_image_wrap\"><span class=\"et-waypoint et_pb_animation_top et_pb_animation_top_tablet et_pb_animation_top_phone et-pb-icon\">\uf153<\/span><\/span><\/div>\n\t\t\t\t\t<div class=\"et_pb_blurb_container\">\n\t\t\t\t\t\t<h4 class=\"et_pb_module_header\"><span>Preis<\/span><\/h4>\n\t\t\t\t\t\t<div class=\"et_pb_blurb_description\"><p>Ab 34,00 \u20ac pro Nacht<\/p><\/div>\n\t\t\t\t\t<\/div>\n\t\t\t\t<\/div>\n\t\t\t<\/div>\n\t\t\t<\/div><div class=\"et_pb_column et_pb_column_1_4 et_d4_element et_pb_column_inner et_pb_column_inner_3  et_pb_css_mix_blend_mode et-last-child et_block_column\">\n\t\t\t\t\n\t\t\t\t\n\t\t\t\t\n\t\t\t\t\n\t\t\t\t<div class=\"et_pb_module et_d4_element et_pb_blurb et_pb_blurb_1  et_pb_text_align_left  et_pb_blurb_position_left et_block_module et_pb_bg_layout_light\">\n\t\t\t\t\n\t\t\t\t\n\t\t\t\t\n\t\t\t\t\n\t\t\t\t<div class=\"et_pb_blurb_content\">\n\t\t\t\t\t<div class=\"et_pb_main_blurb_image et_pb_css_mix_blend_mode\"><span class=\"et_pb_image_wrap\"><span class=\"et-waypoint et_pb_animation_top et_pb_animation_top_tablet et_pb_animation_top_phone et-pb-icon\">\uf0c0<\/span><\/span><\/div>\n\t\t\t\t\t<div class=\"et_pb_blurb_container\">\n\t\t\t\t\t\t<h4 class=\"et_pb_module_header\"><span>Maximale Kapazit\u00e4t<\/span><\/h4>\n\t\t\t\t\t\t<div class=\"et_pb_blurb_description\"><p>6 Personen pro Standort<\/p><\/div>\n\t\t\t\t\t<\/div>\n\t\t\t\t<\/div>\n\t\t\t<\/div>\n\t\t\t<\/div>\n\t\t\t\t\n\t\t\t\t\n\t\t\t\t\n\t\t\t\t\n\t\t\t<\/div><div class=\"et_d4_element et_pb_row_inner et_pb_row_inner_2 et_pb_gutters2  et_pb_css_mix_blend_mode et_block_row\">\n\t\t\t\t<div class=\"et_pb_column et_pb_column_1_4 et_d4_element et_pb_column_inner et_pb_column_inner_4  et_pb_css_mix_blend_mode et_block_column\">\n\t\t\t\t\n\t\t\t\t\n\t\t\t\t\n\t\t\t\t\n\t\t\t\t<div class=\"et_pb_module et_d4_element et_pb_blurb et_pb_blurb_2  et_pb_text_align_left  et_pb_blurb_position_left et_block_module et_pb_bg_layout_light\">\n\t\t\t\t\n\t\t\t\t\n\t\t\t\t\n\t\t\t\t\n\t\t\t\t<div class=\"et_pb_blurb_content\">\n\t\t\t\t\t<div class=\"et_pb_main_blurb_image et_pb_css_mix_blend_mode\"><span class=\"et_pb_image_wrap\"><span class=\"et-waypoint et_pb_animation_top et_pb_animation_top_tablet et_pb_animation_top_phone et-pb-icon\">\uf4fc<\/span><\/span><\/div>\n\t\t\t\t\t<div class=\"et_pb_blurb_container\">\n\t\t\t\t\t\t<h4 class=\"et_pb_module_header\"><span>Einchecken<\/span><\/h4>\n\t\t\t\t\t\t<div class=\"et_pb_blurb_description\"><p>14:00 h<\/p><\/div>\n\t\t\t\t\t<\/div>\n\t\t\t\t<\/div>\n\t\t\t<\/div>\n\t\t\t<\/div><div class=\"et_pb_column et_pb_column_1_4 et_d4_element et_pb_column_inner et_pb_column_inner_5  et_pb_css_mix_blend_mode et-last-child et_block_column\">\n\t\t\t\t\n\t\t\t\t\n\t\t\t\t\n\t\t\t\t\n\t\t\t\t<div class=\"et_pb_module et_d4_element et_pb_blurb et_pb_blurb_3  et_pb_text_align_left  et_pb_blurb_position_left et_block_module et_pb_bg_layout_light\">\n\t\t\t\t\n\t\t\t\t\n\t\t\t\t\n\t\t\t\t\n\t\t\t\t<div class=\"et_pb_blurb_content\">\n\t\t\t\t\t<div class=\"et_pb_main_blurb_image et_pb_css_mix_blend_mode\"><span class=\"et_pb_image_wrap\"><span class=\"et-waypoint et_pb_animation_top et_pb_animation_top_tablet et_pb_animation_top_phone et-pb-icon\">\uf235<\/span><\/span><\/div>\n\t\t\t\t\t<div class=\"et_pb_blurb_container\">\n\t\t\t\t\t\t<h4 class=\"et_pb_module_header\"><span>\u00dcberpr\u00fcfen Sie<\/span><\/h4>\n\t\t\t\t\t\t<div class=\"et_pb_blurb_description\"><p>12:00 Uhr<\/p><\/div>\n\t\t\t\t\t<\/div>\n\t\t\t\t<\/div>\n\t\t\t<\/div>\n\t\t\t<\/div>\n\t\t\t\t\n\t\t\t\t\n\t\t\t\t\n\t\t\t\t\n\t\t\t<\/div><div class=\"et_d4_element et_pb_row_inner et_pb_row_inner_3  et_pb_css_mix_blend_mode et_block_row\">\n\t\t\t\t<div class=\"et_pb_column et_pb_column_4_4 et_d4_element et_pb_column_inner et_pb_column_inner_6  et_pb_css_mix_blend_mode et-last-child et_block_column\">\n\t\t\t\t\n\t\t\t\t\n\t\t\t\t\n\t\t\t\t\n\t\t\t\t<div class=\"et_pb_module et_d4_element et_pb_text et_pb_text_1  et_pb_text_align_left et_pb_bg_layout_light\">\n\t\t\t\t\n\t\t\t\t\n\t\t\t\t\n\t\t\t\t\n\t\t\t\t<div class=\"et_pb_text_inner\"><h2>Einrichtungen<\/h2><\/div>\n\t\t\t<\/div>\n\t\t\t<\/div>\n\t\t\t\t\n\t\t\t\t\n\t\t\t\t\n\t\t\t\t\n\t\t\t<\/div><div class=\"et_d4_element et_pb_row_inner et_pb_row_inner_4  et_pb_css_mix_blend_mode et_block_row\">\n\t\t\t\t<div class=\"et_pb_column et_pb_column_4_4 et_d4_element et_pb_column_inner et_pb_column_inner_7  et_pb_css_mix_blend_mode et-last-child et_block_column\">\n\t\t\t\t\n\t\t\t\t\n\t\t\t\t\n\t\t\t\t\n\t\t\t\t<div class=\"et_pb_module et_d4_element dsm_icon_list dsm_icon_list_0\">\n\t\t\t\t\n\t\t\t\t\n\t\t\t\t\n\t\t\t\t\n\t\t\t\t\n\t\t\t\t\n\t\t\t\t<div class=\"et_pb_module_inner\">\n\t\t\t\t\t<ul class=\"dsm_icon_list_items dsm_icon_list_ltr_direction dsm_icon_list_layout_vertical\"><li class=\"et_d4_element dsm_icon_list_child dsm_icon_list_child_0\">\n\t\t\t\t\n\t\t\t\t\n\t\t\t\t\n\t\t\t\t\n\t\t\t\t<span class=\"dsm_icon_list_wrapper\"><span class=\"dsm_icon_list_icon\">N<\/span><\/span><span class=\"dsm_icon_list_text\">In der N\u00e4he des Sportplatzes<\/span>\n\t\t\t<\/li><li class=\"et_d4_element dsm_icon_list_child dsm_icon_list_child_1\">\n\t\t\t\t\n\t\t\t\t\n\t\t\t\t\n\t\t\t\t\n\t\t\t\t<span class=\"dsm_icon_list_wrapper\"><span class=\"dsm_icon_list_icon\">N<\/span><\/span><span class=\"dsm_icon_list_text\">Speziell f\u00fcr Wohnmobile, Caravans und Faltanh\u00e4nger<\/span>\n\t\t\t<\/li><li class=\"et_d4_element dsm_icon_list_child dsm_icon_list_child_2\">\n\t\t\t\t\n\t\t\t\t\n\t\t\t\t\n\t\t\t\t\n\t\t\t\t<span class=\"dsm_icon_list_wrapper\"><span class=\"dsm_icon_list_icon\">N<\/span><\/span><span class=\"dsm_icon_list_text\">Ruhige Lage am Rande des Campingplatzes<\/span>\n\t\t\t<\/li><\/ul>\n\t\t\t\t<\/div>\n\t\t\t<\/div><div class=\"et_pb_module et_d4_element dsm_icon_list dsm_icon_list_1\">\n\t\t\t\t\n\t\t\t\t\n\t\t\t\t\n\t\t\t\t\n\t\t\t\t\n\t\t\t\t\n\t\t\t\t<div class=\"et_pb_module_inner\">\n\t\t\t\t\t<ul class=\"dsm_icon_list_items dsm_icon_list_ltr_direction dsm_icon_list_layout_vertical\"><\/ul>\n\t\t\t\t<\/div>\n\t\t\t<\/div>\n\t\t\t<\/div>\n\t\t\t\t\n\t\t\t\t\n\t\t\t\t\n\t\t\t\t\n\t\t\t<\/div>\n\t\t\t<\/div>\n\t\t\t\t<\/div>\n\t\t\t\t\n\t\t\t<\/div><div class=\"et_d4_element et_pb_section et_pb_section_1  et_pb_css_mix_blend_mode et_section_regular et_block_section\" >\n\t\t\t\t\n\t\t\t\t\n\t\t\t\t\n\t\t\t\t\n\t\t\t\t\n\t\t\t\t\n\t\t\t\t<div class=\"et_d4_element et_pb_row et_pb_row_0  et_pb_css_mix_blend_mode et_block_row\">\n\t\t\t\t<div class=\"et_d4_element et_pb_column_4_4 et_pb_column et_pb_column_2  et_pb_css_mix_blend_mode et-last-child et_block_column\">\n\t\t\t\t\n\t\t\t\t\n\t\t\t\t\n\t\t\t\t\n\t\t\t\t<div class=\"et_pb_module et_d4_element et_pb_text et_pb_text_2  et_pb_text_align_left et_pb_bg_layout_light\">\n\t\t\t\t\n\t\t\t\t\n\t\t\t\t\n\t\t\t\t\n\t\t\t\t<div class=\"et_pb_text_inner\"><p>Die Arbre-Stellpl\u00e4tze befinden sich in ruhiger Lage am Rande des Campingplatzes, was nicht nur einen einfachen Zugang zu allen Einrichtungen des Campingplatzes erm\u00f6glicht, sondern auch gen\u00fcgend Privatsph\u00e4re f\u00fcr einen erholsamen Aufenthalt bietet. Mit dieser idealen Kombination aus Zug\u00e4nglichkeit und Privatsph\u00e4re sind diese Stellpl\u00e4tze perfekt f\u00fcr diejenigen, die sowohl die Verbindung mit der Natur als auch die Bequemlichkeit w\u00e4hrend ihres Campingaufenthalts suchen.<\/p>\n<h2>Praktische Informationen<\/h2>\n<p>Dies ist ein abgegrenzter Stellplatz, der f\u00fcr Wohnmobile, Wohnwagen und Faltanh\u00e4nger geeignet ist und von einer Hecke umgeben ist. Dieser Stellplatz hat eine gepflasterte Oberfl\u00e4che. Auf diesem Stellplatz haben Sie Ihren eigenen Stromanschluss, der separat gebucht werden kann.<\/p>\n<p>Der Grundpreis beinhaltet 2 Personen und 1 Transportmittel.<\/p>\n<h2>Merkmale von Arbre pitch<\/h2>\n<ul>\n<li aria-level=\"1\"><strong>Gepflasterter Unterboden<\/strong>: Ideal f\u00fcr Wohnmobile, Wohnwagen und faltbare Anh\u00e4nger. Die gepflasterte Oberfl\u00e4che garantiert Stabilit\u00e4t und einfaches Parken.<\/li>\n<li aria-level=\"1\"><strong>Hecke umgeben<\/strong>Jeder Stellplatz ist von einer nat\u00fcrlichen Hecke umgeben, die f\u00fcr Privatsph\u00e4re und eine angenehme Atmosph\u00e4re sorgt.<\/li>\n<li aria-level=\"1\"><strong>Elektrizit\u00e4tspunkt<\/strong>Jeder Stellplatz hat einen eigenen Stromanschluss, der f\u00fcr zus\u00e4tzlichen Komfort optional gebucht werden kann.<\/li>\n<li aria-level=\"1\"><strong>Zentrale Einrichtungen<\/strong>In der N\u00e4he von wichtigen Einrichtungen wie Sanit\u00e4ranlagen und chemischen Toiletten.<\/li>\n<\/ul>\n<h3>Aktivit\u00e4ten und Annehmlichkeiten<\/h3>\n<p>Dank seiner Lage am Rande des Campingplatzes haben die G\u00e4ste dieses Platzes schnellen Zugang zu den Sportpl\u00e4tzen und anderen Freizeiteinrichtungen. Die Stellpl\u00e4tze sind ideal f\u00fcr diejenigen, die die Region erkunden oder die ruhige Umgebung genie\u00dfen m\u00f6chten.<\/p>\n<h2>Buchen Sie Ihren Platz<\/h2>\n<p>Planen Sie Ihren Aufenthalt bei uns und erleben Sie die ideale Kombination aus Komfort und Natur. <a href=\"https:\/\/booking.camping.care\/nl\/domaine-du-bocq\/accommodations\/172857\" target=\"_blank\" rel=\"noopener\">Jetzt buchen<\/a> \u00fcber unsere Website, um sich einen Platz zu sichern.<\/p><\/div>\n\t\t\t<\/div>\n\t\t\t<\/div>\n\t\t\t\t\n\t\t\t\t\n\t\t\t\t\n\t\t\t\t\n\t\t\t<\/div>\n\t\t\t\t\n\t\t\t\t\n\t\t\t<\/div><\/p>","protected":false},"excerpt":{"rendered":"","protected":false},"author":1,"featured_media":0,"parent":0,"menu_order":0,"comment_status":"closed","ping_status":"closed","template":"","meta":{"_et_pb_use_builder":"on","_et_pb_old_content":"","_et_gb_content_width":"","footnotes":""},"dipi_cpt_category":[],"class_list":["post-371","page","type-page","status-publish","hentry"],"_links":{"self":[{"href":"https:\/\/domainedubocq.be\/de\/wp-json\/wp\/v2\/pages\/371","targetHints":{"allow":["GET"]}}],"collection":[{"href":"https:\/\/domainedubocq.be\/de\/wp-json\/wp\/v2\/pages"}],"about":[{"href":"https:\/\/domainedubocq.be\/de\/wp-json\/wp\/v2\/types\/page"}],"author":[{"embeddable":true,"href":"https:\/\/domainedubocq.be\/de\/wp-json\/wp\/v2\/users\/1"}],"replies":[{"embeddable":true,"href":"https:\/\/domainedubocq.be\/de\/wp-json\/wp\/v2\/comments?post=371"}],"version-history":[{"count":1,"href":"https:\/\/domainedubocq.be\/de\/wp-json\/wp\/v2\/pages\/371\/revisions"}],"predecessor-version":[{"id":2976,"href":"https:\/\/domainedubocq.be\/de\/wp-json\/wp\/v2\/pages\/371\/revisions\/2976"}],"wp:attachment":[{"href":"https:\/\/domainedubocq.be\/de\/wp-json\/wp\/v2\/media?parent=371"}],"wp:term":[{"taxonomy":"dipi_cpt_category","embeddable":true,"href":"https:\/\/domainedubocq.be\/de\/wp-json\/wp\/v2\/dipi_cpt_category?post=371"}],"curies":[{"name":"wp","href":"https:\/\/api.w.org\/{rel}","templated":true}]}}