{"id":420,"date":"2021-12-08T14:17:06","date_gmt":"2021-12-08T14:17:06","guid":{"rendered":"http:\/\/domainedubocq.be\/?page_id=420"},"modified":"2024-01-30T16:12:29","modified_gmt":"2024-01-30T15:12:29","slug":"allgemeine-verkaufsbedingungen","status":"publish","type":"page","link":"https:\/\/domainedubocq.be\/de\/allgemeine-verkaufsbedingungen\/","title":{"rendered":"Allgemeine Verkaufsbedingungen"},"content":{"rendered":"<p><div class=\"et_d4_element et_pb_section et_pb_section_0 et_pb_with_background  et_pb_css_mix_blend_mode et_section_regular et_block_section\" >\n\t\t\t\t\n\t\t\t\t\n\t\t\t\t\n\t\t\t\t\n\t\t\t\t\n\t\t\t\t\n\t\t\t\t<div class=\"et_d4_element et_pb_row et_pb_row_0  et_pb_css_mix_blend_mode et_block_row\">\n\t\t\t\t<div class=\"et_d4_element et_pb_column_4_4 et_pb_column et_pb_column_0  et_pb_css_mix_blend_mode et-last-child et_block_column\">\n\t\t\t\t\n\t\t\t\t\n\t\t\t\t\n\t\t\t\t\n\t\t\t\t<div class=\"et_pb_module et_d4_element et_pb_text et_pb_text_0  et_pb_text_align_left et_pb_bg_layout_dark\">\n\t\t\t\t\n\t\t\t\t\n\t\t\t\t\n\t\t\t\t\n\t\t\t\t<div class=\"et_pb_text_inner\"><h1>Allgemeine Verkaufsbedingungen<\/h1><\/div>\n\t\t\t<\/div>\n\t\t\t<\/div>\n\t\t\t\t\n\t\t\t\t\n\t\t\t\t\n\t\t\t\t\n\t\t\t<\/div>\n\t\t\t\t\n\t\t\t\t\n\t\t\t<\/div><div class=\"et_d4_element et_pb_section et_pb_section_1  et_pb_css_mix_blend_mode et_section_regular et_block_section\" >\n\t\t\t\t\n\t\t\t\t\n\t\t\t\t\n\t\t\t\t\n\t\t\t\t\n\t\t\t\t\n\t\t\t\t<div class=\"et_d4_element et_pb_row et_pb_row_1  et_pb_css_mix_blend_mode et_block_row\">\n\t\t\t\t<div class=\"et_d4_element et_pb_column_4_4 et_pb_column et_pb_column_1  et_pb_css_mix_blend_mode et-last-child et_block_column\">\n\t\t\t\t\n\t\t\t\t\n\t\t\t\t\n\t\t\t\t\n\t\t\t\t<div class=\"et_pb_module et_d4_element et_pb_text et_pb_text_1  et_pb_text_align_left et_pb_bg_layout_light\">\n\t\t\t\t\n\t\t\t\t\n\t\t\t\t\n\t\t\t\t\n\t\t\t\t<div class=\"et_pb_text_inner\"><p><strong>ALLGEMEINE NUTZUNGSBEDINGUNGEN Domaine du Bocq - f\u00fcr touristische Aufenthalte <\/strong><\/p>\n<p><strong>Artikel 1: Begriffsbestimmungen<\/strong><br \/>In den vorliegenden Bestimmungen und Bedingungen<\/p>\n<p>a. Campingausr\u00fcstung: Zelt, Faltcaravan, Campingwagen, Reisewohnwagen usw;<br \/>b. Standort: jede M\u00f6glichkeit der Platzierung f\u00fcr ein Campingmittel muss im Vertrag angegeben werden;<br \/><span style=\"font-size: 16px;\">c. Touristischer Stellplatz: ein Stellplatz, der f\u00fcr einen Zeitraum von h\u00f6chstens einem Monat f\u00fcr Campingzwecke zur Verf\u00fcgung steht;<br \/><\/span><span style=\"font-size: 16px;\">d. Unternehmer: das Unternehmen, die Einrichtung oder der Verein, der die Website f\u00fcr den Urlauber bereitstellt;<br \/><\/span>e. Erblasser: die Person, die den Vertrag mit dem Unternehmer \u00fcber das Grundst\u00fcck abschlie\u00dft; <br \/>f. Mitantragsteller: die ebenfalls in der Vereinbarung angegebene(n) Person(en);<br \/><span style=\"font-size: 16px;\">g. Dritte: jede andere Person, die nicht der Urlauber und\/oder Miturlauber ist\/sind;<br \/>h. <\/span><span style=\"font-size: 16px;\">Vereinbarter Preis: das Entgelt f\u00fcr die Nutzung der touristischen St\u00e4tte, wobei anhand einer Preisliste anzugeben ist, was nicht im Preis enthalten ist;<br \/>i. <\/span><span style=\"font-size: 16px;\">Informationen: schriftliche oder elektronische Daten \u00fcber die Nutzung des gemieteten Stellplatzes und der Transportmittel, die Einrichtungen und die Regeln des Aufenthalts;<br \/><\/span>j. Stornierung: die schriftliche K\u00fcndigung des Vertrages durch den Urlauber vor Beginn des Aufenthaltes;<br \/><span style=\"font-size: 16px;\">k. Ein Streitfall: wenn eine vom Urlauber an den Unternehmer gerichtete Beschwerde nicht zur Zufriedenheit der Parteien gel\u00f6st wird.<\/span><\/p>\n<p><strong>Artikel 2: Inhalt des Abkommens<\/strong><\/p>\n<ol>\n<li>Der Unternehmer stellt dem Erholungssuchenden das vereinbarte Grundst\u00fcck f\u00fcr den vereinbarten Zeitraum zu Erholungszwecken, d.h. nicht zum st\u00e4ndigen Aufenthalt, zur Verf\u00fcgung; dieser erwirbt damit das Recht, darauf ein Campingmittel der vereinbarten Art und f\u00fcr die angegebenen Personen aufzustellen.<\/li>\n<li>Der Unternehmer ist verpflichtet, dem Urlauber vorher schriftliche Informationen zu erteilen, auf deren Grundlage der Vertrag auch geschlossen wird. Der Unternehmer wird den Urlauber stets rechtzeitig schriftlich \u00fcber \u00c4nderungen informieren.<\/li>\n<li>Weichen die Angaben erheblich von den bei Vertragsabschluss gemachten Angaben ab, so ist der Urlauber berechtigt, den Vertrag ohne Kosten zu stornieren.<\/li>\n<li>Der Urlauber ist verpflichtet, den Vertrag und die in den dazugeh\u00f6rigen Informationen festgelegten Regeln zu beachten. Er sorgt daf\u00fcr, dass Miturlauber und\/oder Dritte, die ihn besuchen und\/oder sich bei ihm aufhalten, die Vereinbarung und die in den begleitenden Informationen niedergelegten Regeln einhalten.<\/li>\n<li>Sollten die Bestimmungen des Vertrages und\/oder die dazugeh\u00f6rigen Informationen im Widerspruch zu den allgemeinen Gesch\u00e4ftsbedingungen stehen, so gelten die allgemeinen Gesch\u00e4ftsbedingungen. Unber\u00fchrt davon bleibt, dass der Urlauber und der Unternehmer individuelle Zusatzvereinbarungen treffen k\u00f6nnen, in denen von diesen Bedingungen zu Gunsten des Urlaubers abgewichen wird.<\/li>\n<li>Der Unternehmer geht davon aus, dass der Urlauber diesen Vertrag mit dem Einverst\u00e4ndnis seines m\u00f6glichen Partners abschlie\u00dft.<\/li>\n<\/ol>\n<p><strong>Artikel 3: Dauer und Ablauf des Abkommens<\/strong><\/p>\n<p>Der Vertrag endet von Rechts wegen am Ende der vereinbarten Laufzeit, ohne dass es einer K\u00fcndigung bedarf.<\/p>\n<p><strong>Artikel 4: Preis und Preis\u00e4nderung<\/strong><\/p>\n<ol>\n<li>Der Preis wird auf der Grundlage der jeweils g\u00fcltigen Tarife vereinbart, die vom Unternehmer festgelegt werden. Der Kunde erm\u00e4chtigt den Unternehmer, offensichtliche Preisfehler zu korrigieren.<\/li>\n<li>Entstehen nach der Festlegung des Preises aufgrund einer Erh\u00f6hung der Kosten auf Seiten des Unternehmers zus\u00e4tzliche Kosten infolge einer Erh\u00f6hung der Kosten und Abgaben, die unmittelbar den Platz, die Campingmittel oder den Urlauber betreffen, so k\u00f6nnen diese auch nach Vertragsabschluss an den Urlauber weitergegeben werden.<\/li>\n<\/ol>\n<p><strong>Artikel 5: Zahlung<\/strong><\/p>\n<ol>\n<li>Der Urlauber hat die Zahlungen in Euro zu leisten, sofern nicht anders vereinbart, unter Ber\u00fccksichtigung der vereinbarten Zeitr\u00e4ume.<\/li>\n<li>Wenn der Urlauber die Zahlung nicht innerhalb von 14 Tagen nach der Buchung geleistet hat, ist der Unternehmer berechtigt, den Vertrag mit sofortiger Wirkung zu k\u00fcndigen.\u00a0<\/li>\n<\/ol>\n<p><strong>Artikel 6: Annullierung<\/strong><\/p>\n<ol>\n<li>Im Falle einer Stornierung hat der Urlauber eine Verg\u00fctung an den Unternehmer zu zahlen. Dies bedeutet<\/li>\n<\/ol>\n<ul>\n<li>Im Falle einer Stornierung innerhalb von 3 Monaten bis 31 Tagen vor dem Beginn der Reise, 30% des vereinbarten Preises;<\/li>\n<li>Im Falle einer Stornierung innerhalb von 30 bis 15 Tagen vor Beginn der Reise werden 40% des vereinbarten Preises f\u00e4llig;<\/li>\n<li>Im Falle einer Stornierung innerhalb von 14 bis 2 Tagen vor dem Beginn der Reise werden 50% des vereinbarten Preises f\u00e4llig;<\/li>\n<li>Im Falle einer Stornierung innerhalb von 1 Tag vor Reiseantritt oder bei Nichterscheinen werden 100% des vereinbarten Preises f\u00e4llig;<\/li>\n<li>Bij een \"no-show\" wordt het volledige bedrag van het verblijf in rekening gebracht.<\/li>\n<\/ul>\n<ol start=\"2\">\n<li>\"Nicht auftauchen\"<\/li>\n<\/ol>\n<p>Ein Nichterscheinen gilt als erfolgt, wenn der Buchende nicht bis 20.00 Uhr am angegebenen Tag erschienen ist, es sei denn, es wurde per E-Mail oder telefonisch etwas anderes vereinbart. Bei Nichterscheinen oder vorzeitiger Abreise vom Ort und\/oder von der Unterkunft wird 100% Ihre Buchungsgeb\u00fchr zur\u00fcckerstattet. Wenn der Kunde nicht auf dem Domaine du Bocq erscheint, ohne dass er \u00fcber eine Versp\u00e4tung informiert wurde, beh\u00e4lt sich das Domaine du Bocq das Recht vor, den Stellplatz oder die Unterkunft am n\u00e4chsten Anreisetag ab 14 Uhr neu zuzuweisen.<\/p>\n<ol start=\"3\">\n<li>Die Verg\u00fctung wird nach Abzug der Verwaltungskosten anteilig zur\u00fcckgezahlt, wenn der Platz auf Empfehlung des Urlaubers und mit schriftlicher Zustimmung des Unternehmers von einem Dritten f\u00fcr denselben Zeitraum oder einen Teil desselben reserviert wird.<\/li>\n<\/ol>\n<p><strong>Artikel 7: Nutzung durch Dritte <\/strong><\/p>\n<ol>\n<li>Die Nutzung von Campingmitteln und\/oder des dazugeh\u00f6rigen Stellplatzes durch Dritte ist nur mit schriftlicher Genehmigung des Unternehmers gestattet.<\/li>\n<li>Die Erlaubnis kann an Bedingungen gekn\u00fcpft werden, die dann im Voraus schriftlich festgelegt werden m\u00fcssen.<\/li>\n<\/ol>\n<p><strong>Artikel 8: Vorzeitige Abreise des Urlaubers<\/strong><\/p>\n<p>Der Urlauber schuldet den vollen Preis f\u00fcr den vereinbarten Tarifzeitraum.<\/p>\n<p><strong>Artikel 9: Vorzeitige K\u00fcndigung durch den Unternehmer und R\u00e4umung im Falle eines schuldhaften Mangels und\/oder einer unrechtm\u00e4\u00dfigen Handlung<\/strong><\/p>\n<ol>\n<li>Der Unternehmer kann den Vertrag mit sofortiger Wirkung k\u00fcndigen:<\/li>\n<li>Wenn der Urlauber, der\/die Miturlauber und\/oder der\/die Dritte(n) trotz vorheriger (schriftlicher) Abmahnung die im Vertrag festgelegten Verpflichtungen, die in den dazugeh\u00f6rigen Informationen und\/oder beh\u00f6rdlichen Vorschriften festgelegten Regeln nicht oder nicht ausreichend erf\u00fcllt\/erf\u00fcllen, und zwar in einem solchen Ma\u00dfe, dass dem Unternehmer nach Kriterien der Angemessenheit und Billigkeit die Fortsetzung des Vertrages nicht zugemutet werden kann;<\/li>\n<li>Wenn der Urlauber trotz vorheriger (schriftlicher) Abmahnung den Unternehmer und\/oder andere Urlauber bel\u00e4stigt oder die gute Stimmung auf dem Gel\u00e4nde oder in unmittelbarer N\u00e4he des Gel\u00e4ndes st\u00f6rt;<\/li>\n<li>F\u00fcr den Fall, dass der Urlauber trotz vorheriger (schriftlicher) Abmahnung durch die Nutzung des Campingplatzes und\/oder seiner Campingmittel gegen die Bestimmung des Campingplatzes verst\u00f6\u00dft;<\/li>\n<li>F\u00fcr den Fall, dass die Campingausr\u00fcstung des Urlaubers nicht den allgemein anerkannten Sicherheitsstandards entspricht.<\/li>\n<li>W\u00fcnscht der Unternehmer eine vorzeitige K\u00fcndigung und R\u00e4umung, muss er den Urlauber in einem pers\u00f6nlich zugestellten Brief oder m\u00fcndlich dar\u00fcber informieren. In dringenden F\u00e4llen kann auf die schriftliche Abmahnung verzichtet werden.<\/li>\n<li>Nach der Stornierung muss der Urlauber daf\u00fcr sorgen, dass sein Stellplatz und\/oder sein Campingmittel so schnell wie m\u00f6glich, sp\u00e4testens jedoch innerhalb von 4 Stunden, ger\u00e4umt und das Gel\u00e4nde verlassen wird.<\/li>\n<li>R\u00e4umt der Urlauber seinen Stellplatz nicht, so ist der Unternehmer berechtigt, den Stellplatz gem\u00e4\u00df Artikel 10 Absatz 2 zu r\u00e4umen.<\/li>\n<li>Der Urlauber bleibt grunds\u00e4tzlich verpflichtet, den vereinbarten Tarif zu zahlen.<\/li>\n<\/ol>\n<p><strong>Artikel 10: R\u00e4umung<\/strong><\/p>\n<ol>\n<li>Bei Beendigung des Vertrages muss der Urlauber den Stellplatz sp\u00e4testens am letzten Tag des Vertragszeitraums leer und vollst\u00e4ndig aufger\u00e4umt hinterlassen.<\/li>\n<li>Falls der Urlauber seine Campingmittel nicht entfernt, ist der Unternehmer berechtigt, den Platz nach schriftlicher Abmahnung und unter Einhaltung einer Frist von sieben Tagen ab dem Tag des Zugangs der Abmahnung auf Kosten des Urlaubers zu r\u00e4umen, unbeschadet der Bestimmungen in Artikel 9 Abs\u00e4tze 2 und 3. Etwaige Lagerkosten, soweit diese angemessen sind, gehen zu Lasten des Urlaubers.<\/li>\n<\/ol>\n<p><strong>Artikel 11: Gesetze und Verordnungen<\/strong><\/p>\n<ol>\n<li>Der Urlauber hat jederzeit daf\u00fcr Sorge zu tragen, dass das von ihm aufgestellte Campingmittel sowohl intern als auch extern alle Umwelt- und Sicherheitsanforderungen erf\u00fcllt, die von den Beh\u00f6rden oder vom Unternehmer im Rahmen von Umweltma\u00dfnahmen f\u00fcr seinen Betrieb an das Campingmittel gestellt werden (k\u00f6nnen).<\/li>\n<li>Je nach Standort sind LPG-Anlagen nur dann zul\u00e4ssig, wenn sie in Kraftfahrzeugen untergebracht sind, die von der staatlichen Stra\u00dfenverwaltung genehmigt wurden.<\/li>\n<li>Ist der Urlauber verpflichtet, vorbeugende Ma\u00dfnahmen gem\u00e4\u00df den kommunalen Brandschutzvorschriften zu ergreifen, z. B. ein zugelassenes Feuerl\u00f6schger\u00e4t bereitzuhalten, so hat er diese Vorschriften strikt einzuhalten.<\/li>\n<\/ol>\n<p><strong>Artikel 12: Instandhaltung und Bau<\/strong><\/p>\n<ol>\n<li>Der Unternehmer ist verpflichtet, das Erholungsgebiet und die zentralen Einrichtungen in einem guten Zustand zu halten.<\/li>\n<li>Der Urlauber ist verpflichtet, das von ihm aufgestellte Campingmittel und den dazugeh\u00f6rigen Platz in demselben Zustand zu halten<\/li>\n<li>Es ist dem Urlauber, Miturlauber(n) und\/oder Dritten nicht gestattet, ohne vorherige schriftliche Zustimmung des Unternehmers auf dem Gel\u00e4nde zu graben, B\u00e4ume zu f\u00e4llen, Str\u00e4ucher zu beschneiden, Antennen zu errichten, Z\u00e4une oder Trennw\u00e4nde aufzustellen oder Bauten oder andere Einrichtungen jeglicher Art in der N\u00e4he, auf, unter oder um das Campinggel\u00e4nde zu errichten.<\/li>\n<li>Der Urlauber bleibt jederzeit daf\u00fcr verantwortlich, dass die Campingmittel und die in Absatz 3 genannten Einrichtungen beweglich bleiben.<\/li>\n<\/ol>\n<p><strong>Artikel 13: Haftung<\/strong><\/p>\n<ol>\n<li>Die gesetzliche Haftung des Unternehmers f\u00fcr andere als Personensch\u00e4den und Tod ist auf einen H\u00f6chstbetrag von 455.000 \u20ac pro Ereignis begrenzt. Der Unternehmer ist verpflichtet, sich daf\u00fcr zu versichern.<\/li>\n<li>Der Unternehmer haftet nicht f\u00fcr einen Unfall, einen Diebstahl oder eine Besch\u00e4digung auf seinem Betriebsgel\u00e4nde, es sei denn, dies ist die Folge eines Fehlers, der dem Unternehmer zuzurechnen ist.<\/li>\n<li>Der Unternehmer haftet nicht f\u00fcr die Folgen von extremen Witterungsbedingungen oder anderen Formen h\u00f6herer Gewalt.<\/li>\n<li>Der Unternehmer haftet f\u00fcr St\u00f6rungen in seinem Versorgungsbereich, es sei denn, er kann sich auf h\u00f6here Gewalt berufen oder diese St\u00f6rungen stehen im Zusammenhang mit der Leitung ab der Abnahmestelle des Urlaubers.<\/li>\n<li>Der Urlauber haftet f\u00fcr St\u00f6rungen des von der \u00dcbernahmestelle aus gez\u00e4hlten Teils der Versorgungsleistungen, es sei denn, es handelt sich um h\u00f6here Gewalt.<\/li>\n<li>Der Urlauber haftet gegen\u00fcber dem Unternehmer f\u00fcr alle Sch\u00e4den, die durch eine Handlung oder Unterlassung von ihm selbst, von Mitreisenden und\/oder von Dritten verursacht werden, soweit es sich um Sch\u00e4den handelt, die dem Urlauber, den Mitreisenden und\/oder Dritten zugerechnet werden k\u00f6nnen.<\/li>\n<li>Nach einer Meldung eines Urlaubers \u00fcber eine von anderen Urlaubern verursachte Bel\u00e4stigung ist der Unternehmer verpflichtet, geeignete Ma\u00dfnahmen zu ergreifen.<\/li>\n<\/ol>\n<p>&nbsp;<\/p>\n<p>&nbsp;<\/p><\/div>\n\t\t\t<\/div>\n\t\t\t<\/div>\n\t\t\t\t\n\t\t\t\t\n\t\t\t\t\n\t\t\t\t\n\t\t\t<\/div>\n\t\t\t\t\n\t\t\t\t\n\t\t\t<\/div><\/p>","protected":false},"excerpt":{"rendered":"","protected":false},"author":1,"featured_media":0,"parent":0,"menu_order":0,"comment_status":"closed","ping_status":"closed","template":"","meta":{"_et_pb_use_builder":"on","_et_pb_old_content":"","_et_gb_content_width":"","footnotes":""},"dipi_cpt_category":[],"class_list":["post-420","page","type-page","status-publish","hentry"],"_links":{"self":[{"href":"https:\/\/domainedubocq.be\/de\/wp-json\/wp\/v2\/pages\/420","targetHints":{"allow":["GET"]}}],"collection":[{"href":"https:\/\/domainedubocq.be\/de\/wp-json\/wp\/v2\/pages"}],"about":[{"href":"https:\/\/domainedubocq.be\/de\/wp-json\/wp\/v2\/types\/page"}],"author":[{"embeddable":true,"href":"https:\/\/domainedubocq.be\/de\/wp-json\/wp\/v2\/users\/1"}],"replies":[{"embeddable":true,"href":"https:\/\/domainedubocq.be\/de\/wp-json\/wp\/v2\/comments?post=420"}],"version-history":[{"count":0,"href":"https:\/\/domainedubocq.be\/de\/wp-json\/wp\/v2\/pages\/420\/revisions"}],"wp:attachment":[{"href":"https:\/\/domainedubocq.be\/de\/wp-json\/wp\/v2\/media?parent=420"}],"wp:term":[{"taxonomy":"dipi_cpt_category","embeddable":true,"href":"https:\/\/domainedubocq.be\/de\/wp-json\/wp\/v2\/dipi_cpt_category?post=420"}],"curies":[{"name":"wp","href":"https:\/\/api.w.org\/{rel}","templated":true}]}}