{"id":423,"date":"2021-12-08T14:18:11","date_gmt":"2021-12-08T14:18:11","guid":{"rendered":"http:\/\/domainedubocq.be\/?page_id=423"},"modified":"2022-03-11T10:11:43","modified_gmt":"2022-03-11T09:11:43","slug":"haftungsausschluss","status":"publish","type":"page","link":"https:\/\/domainedubocq.be\/de\/haftungsausschluss\/","title":{"rendered":"Haftungsausschluss"},"content":{"rendered":"<p><div class=\"et_d4_element et_pb_section et_pb_section_0 et_pb_with_background  et_pb_css_mix_blend_mode et_section_regular et_block_section\" >\n\t\t\t\t\n\t\t\t\t\n\t\t\t\t\n\t\t\t\t\n\t\t\t\t\n\t\t\t\t\n\t\t\t\t<div class=\"et_d4_element et_pb_row et_pb_row_0  et_pb_css_mix_blend_mode et_block_row\">\n\t\t\t\t<div class=\"et_d4_element et_pb_column_4_4 et_pb_column et_pb_column_0  et_pb_css_mix_blend_mode et-last-child et_block_column\">\n\t\t\t\t\n\t\t\t\t\n\t\t\t\t\n\t\t\t\t\n\t\t\t\t<div class=\"et_pb_module et_d4_element et_pb_text et_pb_text_0  et_pb_text_align_left et_pb_bg_layout_dark\">\n\t\t\t\t\n\t\t\t\t\n\t\t\t\t\n\t\t\t\t\n\t\t\t\t<div class=\"et_pb_text_inner\"><h1>Haftungsausschluss<\/h1><\/div>\n\t\t\t<\/div>\n\t\t\t<\/div>\n\t\t\t\t\n\t\t\t\t\n\t\t\t\t\n\t\t\t\t\n\t\t\t<\/div><div class=\"et_d4_element et_pb_row et_pb_row_1  et_pb_css_mix_blend_mode et_block_row\">\n\t\t\t\t<div class=\"et_d4_element et_pb_column_4_4 et_pb_column et_pb_column_1  et_pb_css_mix_blend_mode et-last-child et_block_column\">\n\t\t\t\t\n\t\t\t\t\n\t\t\t\t\n\t\t\t\t\n\t\t\t\t<div class=\"et_pb_module et_d4_element et_pb_text et_pb_text_1  et_pb_text_align_left et_pb_bg_layout_dark\">\n\t\t\t\t\n\t\t\t\t\n\t\t\t\t\n\t\t\t\t\n\t\t\t\t<div class=\"et_pb_text_inner\"><h1>Karte<\/h1><\/div>\n\t\t\t<\/div>\n\t\t\t<\/div>\n\t\t\t\t\n\t\t\t\t\n\t\t\t\t\n\t\t\t\t\n\t\t\t<\/div>\n\t\t\t\t\n\t\t\t\t\n\t\t\t<\/div><div class=\"et_d4_element et_pb_section et_pb_section_1  et_pb_css_mix_blend_mode et_section_regular et_block_section\" >\n\t\t\t\t\n\t\t\t\t\n\t\t\t\t\n\t\t\t\t\n\t\t\t\t\n\t\t\t\t\n\t\t\t\t<div class=\"et_d4_element et_pb_row et_pb_row_2  et_pb_css_mix_blend_mode et_block_row\">\n\t\t\t\t<div class=\"et_d4_element et_pb_column_4_4 et_pb_column et_pb_column_2  et_pb_css_mix_blend_mode et-last-child et_block_column\">\n\t\t\t\t\n\t\t\t\t\n\t\t\t\t\n\t\t\t\t\n\t\t\t\t<div class=\"et_pb_module et_d4_element et_pb_text et_pb_text_2  et_pb_text_align_left et_pb_bg_layout_light\">\n\t\t\t\t\n\t\t\t\t\n\t\t\t\t\n\t\t\t\t\n\t\t\t\t<div class=\"et_pb_text_inner\"><p>Sie sind gerade mit der Website der Domaine du Bocq verbunden.<br \/>Der Nutzer, der auf diese Website zugreift, verpflichtet sich, die vorliegenden Nutzungsbedingungen einzuhalten.<\/p>\n<p>Informationen \u00fcber den Herausgeber:<br \/>Diese Website wird ver\u00f6ffentlicht von: Dom\u00e4ne du Bocq<\/p>\n<p>2, Avenue De La Vall\u00e9e<br \/>5530 PURNODE BELGISCH<br \/>Tel. : +32 82 61 22 69<br \/>Website: https:\/\/www.domainedubocq.be<br \/>E-Mail: info@domainedubocq.be<br \/>MWST.: BE0475.176.274<\/p>\n<p>Informationen \u00fcber den Gastgeber:<br \/>Diese Website wird gehostet von:<\/p>\n<p>Urheberrecht\/Copyright:<br \/>Die Pr\u00e4sentation und jedes Element, einschlie\u00dflich des Domain-Namens (mit Ausnahme der Domain-Namen, die mit ellohaweb beginnen), der Marken (mit Ausnahme der Marke elloha), Logos (mit Ausnahme des elloha-Logos), Handelsnamen, Zeichnungen, Illustrationen, Fotografien, Texte, Grafiken und anderer Dateien, die auf dieser Website erscheinen (mit Ausnahme der Kreationen, die elloha geh\u00f6ren), sind durch die geltenden Gesetze \u00fcber die Rechte des geistigen Eigentums gesch\u00fctzt und sind Eigentum des Unternehmens oder unterliegen einer Nutzungslizenz.<\/p>\n<p>Kein Element der Website darf ohne die vorherige schriftliche Zustimmung unseres Unternehmens kopiert, reproduziert, ge\u00e4ndert, neu ver\u00f6ffentlicht, geladen, umgewandelt, \u00fcbertragen oder in irgendeiner Weise verteilt werden, weder ganz noch teilweise, mit Ausnahme der Verwendung f\u00fcr rein pers\u00f6nliche, private und nicht kommerzielle Zwecke, ohne \u00c4nderung der auf der Website vorhandenen Elemente.<\/p>\n<p>Jede andere Nutzung unserer Website oder ihrer Elemente, die nicht ausdr\u00fccklich genehmigt wurde, stellt eine Verletzung der Rechte unseres Unternehmens und\/oder von elloha dar und kann insbesondere als Nachahmung betrachtet werden, die gem\u00e4\u00df Artikel L 355-2 ff. des Gesetzes \u00fcber geistiges Eigentum strafbar ist.<\/p>\n<p>Rechte unseres Unternehmens in seiner Eigenschaft als Hersteller von Datenbanken<br \/>Jeder Kunde, Interessent oder Partner hat ein pers\u00f6nliches, nicht ausschlie\u00dfliches, unver\u00e4u\u00dferliches und nicht \u00fcbertragbares Recht, die auf unserer Website enthaltenen Informationen f\u00fcr seine eigenen Bed\u00fcrfnisse zu konsultieren, um eine Reservierung vorzunehmen.<\/p>\n<p>Es ist gestattet, einen Teil des Inhalts dieser Website zur pers\u00f6nlichen Beratung anzufordern und\/oder weiterzuverwenden, sofern die Anfrage und\/oder Weiterverwendung keinen qualitativ oder quantitativ wesentlichen Teil des Inhalts dieser Website betrifft. Au\u00dferdem ist es untersagt, den Inhalt dieser Website wiederholt abzurufen und\/oder wiederzuverwenden, auch wenn er nicht wesentlich ist.<\/p>\n<p>Die Vervielf\u00e4ltigung der gesamten oder eines Teils der Website zu anderen Zwecken ist gem\u00e4\u00df Artikel L. 342-1 und L. 342-2 des Gesetzes \u00fcber geistiges Eigentum ausdr\u00fccklich verboten. Es ist auch verboten, den Inhalt der Website ganz oder teilweise in irgendeiner Form und an irgendein Publikum zu verbreiten.<\/p>\n<p>Insbesondere die Nutzung der Inhalte dieser Website zu kommerziellen Zwecken ist ausdr\u00fccklich untersagt.<\/p>\n<p>Haftung<br \/>Alle \u00fcber diese Website zug\u00e4nglichen Daten werden ohne Gew\u00e4hr bereitgestellt. Unser Unternehmen \u00fcbernimmt keine Garantie, weder ausdr\u00fccklich noch stillschweigend, und keine Haftung in Bezug auf die Verwendung dieser Daten.<\/p>\n<p>Der Nutzer ist allein f\u00fcr die Verwendung dieser Daten verantwortlich.<\/p>\n<p>Unser Unternehmen beh\u00e4lt sich das Recht vor, die aktuellen Daten jederzeit zu \u00e4ndern, insbesondere durch Aktualisierung dieser Seite.<\/p>\n<p>Der Nutzer verpflichtet sich, keine Informationen an diese Website zu \u00fcbermitteln, die eine zivil- oder strafrechtliche Haftung nach sich ziehen k\u00f6nnten, und verpflichtet sich daher, \u00fcber diese Website keine Informationen zu verbreiten, die rechtswidrig sind, gegen die \u00f6ffentliche Ordnung versto\u00dfen oder verleumderisch sind.<\/p>\n<p>Unser Unternehmen ist bestrebt, den Nutzern Informationen und\/oder verf\u00fcgbare und gepr\u00fcfte Werkzeuge zur Verf\u00fcgung zu stellen. Sie kann jedoch nicht f\u00fcr Fehler, Nichtverf\u00fcgbarkeit von Informationen und\/oder das Vorhandensein von Viren auf ihrer Website verantwortlich gemacht werden.<\/p>\n<p>Die externen Websites unseres Unternehmens, die mit der vorliegenden Website verlinkt sind, stehen nicht unter der Kontrolle unseres Unternehmens, das daher jegliche Haftung f\u00fcr den Inhalt dieser Websites ablehnt. Der Nutzer ist allein f\u00fcr deren Verwendung verantwortlich.<\/p>\n<p>Hyperlink<br \/>Wenn Sie Anmerkungen zur Funktionsweise unserer Website haben, senden Sie uns bitte eine Nachricht, indem Sie auf den Link \"Kontakt\" klicken.<\/p>\n<p>Wichtig<br \/>Die Nachrichten, die Sie \u00fcber das Internet an uns senden, k\u00f6nnen im Netz abgefangen werden. Solange sie nicht bei uns eingehen, kann ihre Vertraulichkeit nicht gew\u00e4hrleistet werden.<\/p><\/div>\n\t\t\t<\/div>\n\t\t\t<\/div>\n\t\t\t\t\n\t\t\t\t\n\t\t\t\t\n\t\t\t\t\n\t\t\t<\/div>\n\t\t\t\t\n\t\t\t\t\n\t\t\t<\/div><\/p>","protected":false},"excerpt":{"rendered":"","protected":false},"author":1,"featured_media":0,"parent":0,"menu_order":0,"comment_status":"closed","ping_status":"closed","template":"","meta":{"_et_pb_use_builder":"on","_et_pb_old_content":"","_et_gb_content_width":"","footnotes":""},"dipi_cpt_category":[],"class_list":["post-423","page","type-page","status-publish","hentry"],"_links":{"self":[{"href":"https:\/\/domainedubocq.be\/de\/wp-json\/wp\/v2\/pages\/423","targetHints":{"allow":["GET"]}}],"collection":[{"href":"https:\/\/domainedubocq.be\/de\/wp-json\/wp\/v2\/pages"}],"about":[{"href":"https:\/\/domainedubocq.be\/de\/wp-json\/wp\/v2\/types\/page"}],"author":[{"embeddable":true,"href":"https:\/\/domainedubocq.be\/de\/wp-json\/wp\/v2\/users\/1"}],"replies":[{"embeddable":true,"href":"https:\/\/domainedubocq.be\/de\/wp-json\/wp\/v2\/comments?post=423"}],"version-history":[{"count":0,"href":"https:\/\/domainedubocq.be\/de\/wp-json\/wp\/v2\/pages\/423\/revisions"}],"wp:attachment":[{"href":"https:\/\/domainedubocq.be\/de\/wp-json\/wp\/v2\/media?parent=423"}],"wp:term":[{"taxonomy":"dipi_cpt_category","embeddable":true,"href":"https:\/\/domainedubocq.be\/de\/wp-json\/wp\/v2\/dipi_cpt_category?post=423"}],"curies":[{"name":"wp","href":"https:\/\/api.w.org\/{rel}","templated":true}]}}