{"id":426,"date":"2021-12-08T14:20:24","date_gmt":"2021-12-08T13:20:24","guid":{"rendered":"http:\/\/domainedubocq.be\/?page_id=426"},"modified":"2025-02-19T15:36:58","modified_gmt":"2025-02-19T14:36:58","slug":"vorschriften","status":"publish","type":"page","link":"https:\/\/domainedubocq.be\/de\/vorschriften\/","title":{"rendered":"Verordnungen"},"content":{"rendered":"<p><div class=\"et_d4_element et_pb_section et_pb_section_0 et_pb_with_background  et_pb_css_mix_blend_mode et_section_regular et_block_section\" >\n\t\t\t\t\n\t\t\t\t\n\t\t\t\t\n\t\t\t\t\n\t\t\t\t\n\t\t\t\t\n\t\t\t\t<div class=\"et_d4_element et_pb_row et_pb_row_0  et_pb_css_mix_blend_mode et_block_row\">\n\t\t\t\t<div class=\"et_d4_element et_pb_column_4_4 et_pb_column et_pb_column_0  et_pb_css_mix_blend_mode et-last-child et_block_column\">\n\t\t\t\t\n\t\t\t\t\n\t\t\t\t\n\t\t\t\t\n\t\t\t\t<div class=\"et_pb_module et_d4_element et_pb_text et_pb_text_0  et_pb_text_align_left et_pb_bg_layout_dark\">\n\t\t\t\t\n\t\t\t\t\n\t\t\t\t\n\t\t\t\t\n\t\t\t\t<div class=\"et_pb_text_inner\"><h1>Verordnungen<\/h1><\/div>\n\t\t\t<\/div>\n\t\t\t<\/div>\n\t\t\t\t\n\t\t\t\t\n\t\t\t\t\n\t\t\t\t\n\t\t\t<\/div>\n\t\t\t\t\n\t\t\t\t\n\t\t\t<\/div><div class=\"et_d4_element et_pb_section et_pb_section_1  et_pb_css_mix_blend_mode et_section_regular et_block_section\" >\n\t\t\t\t\n\t\t\t\t\n\t\t\t\t\n\t\t\t\t\n\t\t\t\t\n\t\t\t\t\n\t\t\t\t<div class=\"et_d4_element et_pb_row et_pb_row_1  et_pb_css_mix_blend_mode et_block_row\">\n\t\t\t\t<div class=\"et_d4_element et_pb_column_4_4 et_pb_column et_pb_column_1  et_pb_css_mix_blend_mode et-last-child et_block_column\">\n\t\t\t\t\n\t\t\t\t\n\t\t\t\t\n\t\t\t\t\n\t\t\t\t<div class=\"et_pb_module et_d4_element et_pb_text et_pb_text_1  et_pb_text_align_left et_pb_bg_layout_light\">\n\t\t\t\t\n\t\t\t\t\n\t\t\t\t\n\t\t\t\t\n\t\t\t\t<div class=\"et_pb_text_inner\"><p><strong><span>Regeln touristische Sehensw\u00fcrdigkeiten Domaine du Bocq<\/span><\/strong><br \/><span>Willkommen auf unserem Campingplatz!<br \/>Wir tun unser Bestes, um Ihren Urlaub so angenehm wie m\u00f6glich zu gestalten. Aus diesem Grund gelten f\u00fcr Ihren Aufenthalt auf dem Domaine du Bocq einige Regeln und Vorschriften. Mit Ihrem Aufenthalt auf unserem Campingplatz erkl\u00e4ren Sie sich mit den folgenden Regeln einverstanden.<\/span><\/p>\n<p><strong><span>Ankunft und Abreise<\/span><\/strong><br \/><span>Bij aankomst vragen we u zich te melden bij de receptie of caf\u00e9 - restaurant. Gereserveerde plaatsen dienen bij aankomst te worden afgerekend. Op uw vertrek dag dient u de plaats voor 12.00 uur te verlaten en deze schoon en opgeruimd achter te laten. Bij de receptie is informatie verkrijgbaar over de diensten, faciliteiten, activiteiten en andere nuttige tips over de camping en omgeving.<\/span><\/p>\n<p><strong><span>Haustiere<\/span><\/strong><br \/><span>Hunde sind an der Leine erlaubt. Dies ist jedoch kostenpflichtig. Bitte melden Sie Ihren Hund immer an der Rezeption an. Die Haustiere werden au\u00dferhalb des Campingplatzes ausgef\u00fchrt. Sollte Ihr Haustier sein Gesch\u00e4ft auf dem Campingplatz verrichten, machen Sie es bitte sauber und werfen Sie es weg. Haustiere sind in und um die sanit\u00e4ren Anlagen nicht erlaubt.<\/span><\/p>\n<p><strong><span>Besucher<\/span><\/strong><br \/><span>Campingg\u00e4sten ist es erlaubt, Besucher zu empfangen. Dies ist jedoch kostenpflichtig. Bitte melden Sie Ihre Besucher immer auf dem Campingplatz an.<\/span><\/p>\n<p><strong><span>Lagerfeuer\u00a0<\/span><\/strong><br \/><span>Kampvuur is mogelijk op de aangewezen kampvuurplekken of in de vuurschalen. Houd het vuur klein en laat het nooit onbeheerd achter. Wanneer er i.v.m. aanhoudende droogte een vuurverbod is afgegeven, dient u dit te respecteren. Hout sprokkelen is op last van de boswachter niet toegestaan. Stookhout is te koop bij de receptie of in het caf\u00e9 - restaurant.<\/span><\/p>\n<p><strong><span>Umwelt und Nachhaltigkeit<\/span><\/strong><br \/><span>Respektiere die Natur. Vermeiden Sie Abf\u00e4lle, Sch\u00e4den an Flora und Fauna, St\u00f6rungen der Tierwelt und bleiben Sie auf den Wegen und Stra\u00dfen. Jagen und Fischen ohne Erlaubnis ist verboten. Bitte entsorgen Sie Ihre Abf\u00e4lle getrennt in den entsprechenden Beh\u00e4ltern. Diese befinden sich an der Vorderseite des Campingplatzes. Chemische Toiletten: Abw\u00e4sser verschmutzen die Umwelt und damit Ihren Lebensraum. Bitte werfen Sie es nicht in der N\u00e4he Ihres Zeltes\/Wohnwagens\/Wohnmobils weg, sondern benutzen Sie den Sp\u00fclkasten der chemischen Toilette. Gehen Sie sparsam mit Leitungswasser und Strom um.<\/span><\/p>\n<p><strong><span>Sicherheit<\/span><\/strong><br \/><span>In Verbindung mit spielenden Kindern und anderen Campern bitten wir Sie, im Schritttempo (5 km\/h) zu fahren. Die Eltern oder Erziehungsberechtigten sind jederzeit f\u00fcr ihre Kinder verantwortlich, insbesondere auf dem Spielplatz und am Fluss Bocq. F\u00fcr kleinere Unf\u00e4lle: Ein Erste-Hilfe-Kasten ist an der Rezeption erh\u00e4ltlich. Die Notrufnummer in Belgien lautet 112. Der Konsum von Drogen ist verboten. In den Sommermonaten wird die Strecke von einem Touristenzug befahren. Es ist nicht erlaubt, \u00fcber oder neben den Gleisen zu gehen.<\/span><\/p>\n<p><strong>Elektroauto aufladen<\/strong><br \/>Auf dem Campingplatz gibt es eine Stromtankstelle. Die Aktivierung der Ladestation kann durch das Personal des Campingplatzes erfolgen. Es ist verboten, ein Elektroauto an regul\u00e4ren Steckdosen auf dem Campingplatz aufzuladen.<\/p>\n<p><strong><span>Sanit\u00e4r<\/span><\/strong><br \/><span>Die sanit\u00e4ren Anlagen m\u00fcssen nach der Benutzung sauber hinterlassen werden. Wir benutzen die Toiletten und Duschen gemeinsam und m\u00fcssen sie daher auch gemeinsam sauber halten. Bitte denken Sie auch an die Person, die nach Ihnen kommt (bitte legen Sie keine Damenbinden oder Taschent\u00fccher in die Toiletten, da diese verstopfen k\u00f6nnen). Kleine Kinder d\u00fcrfen nur in Begleitung auf die Toilette gehen. Das Abwaschen ist au\u00dferhalb der Waschbecken nicht erlaubt.<\/span><\/p>\n<p><strong><span>Bel\u00e4stigung<\/span><\/strong><br \/><span>Bitte respektieren Sie die anderen Besucher der Domaine du Bocq. Verst\u00e4rkte Musik ist nicht erlaubt. Machen Sie keinen unn\u00f6tigen L\u00e4rm. Zwischen 22.00 Uhr und 7.30 Uhr sind alle Besucher auf dem Campingplatz ruhig. Ab 23.00 Uhr wird die Schranke f\u00fcr den Verkehr geschlossen.<\/span><\/p>\n<p><strong>Fluss Bocq<br \/><\/strong>Es ist nicht erlaubt, D\u00e4mme oder Stromschnellen in den Fluss zu bauen, der neben dem Campingplatz verl\u00e4uft. Das Angeln im Fluss ist auf dem Campingplatz erlaubt, sofern Sie im Besitz eines g\u00fcltigen Angelscheins sind.\u00a0\u00a0<strong><\/strong><\/p>\n<p><strong>Steinbruch<br \/><\/strong>Es ist verboten, im Steinbruch zu spielen, zu schwimmen oder zu angeln. Angeln ist auf dem Campingplatz nur mit einem g\u00fcltigen Angelschein erlaubt.<strong><\/strong><\/p>\n<p><strong><span>Haftung<\/span><\/strong><br \/><span>Domaine du Bocq \u00fcbernimmt keine Verantwortung f\u00fcr Diebstahl, Sch\u00e4den an Ihrem Eigentum oder Verletzungen von Campern oder G\u00e4sten im Zusammenhang mit dem Camping und der Nutzung der Einrichtungen des Campingplatzes.<\/span><\/p>\n<p><strong>Verwendung von Gas (Flaschen)<br \/><\/strong>Verwenden Sie Gasger\u00e4te nicht ohne Aufsicht.<br \/>Installieren Sie die Gasflaschen gem\u00e4\u00df den Anweisungen und lagern Sie keine \u00fcbervollen oder leeren Gasflaschen.<br \/>Begrenzen Sie die L\u00e4nge des Schlauches, der die Zylinder mit den Ger\u00e4ten verbindet, auf maximal 2 m. Ersetzen Sie die Schl\u00e4uche vor Ablauf des Verfallsdatums oder im Falle einer Besch\u00e4digung (durchgeschnittenes oder gerissenes Rohr).<br \/>Bringen Sie an beiden Enden des Schlauchs Schellen an. Halten Sie Gasflaschen aufrecht. Rauchen Sie nicht, w\u00e4hrend Sie die Gasflaschen benutzen. Heizger\u00e4te f\u00fcr feste oder fl\u00fcssige Brennstoffe d\u00fcrfen nicht ohne Anschluss an einen externen Schornstein verwendet werden. Bei der Verwendung von Heizger\u00e4ten f\u00fcr feste oder fl\u00fcssige Brennstoffe ist auf eine gute Bel\u00fcftung des Raumes zu achten (Zufuhr von Au\u00dfenluft). Bel\u00fcften Sie den Duschbereich. Warten Sie die Koch- und Heizger\u00e4te. Reinigen Sie die Dunstabzugshaube regelm\u00e4\u00dfig. Halten Sie eine L\u00f6schdecke und\/oder einen Feuerl\u00f6scher bereit.<\/p><\/div>\n\t\t\t<\/div>\n\t\t\t<\/div>\n\t\t\t\t\n\t\t\t\t\n\t\t\t\t\n\t\t\t\t\n\t\t\t<\/div>\n\t\t\t\t\n\t\t\t\t\n\t\t\t<\/div><div class=\"et_d4_element et_pb_section et_pb_section_2  et_pb_css_mix_blend_mode et_section_regular et_block_section\" >\n\t\t\t\t\n\t\t\t\t\n\t\t\t\t\n\t\t\t\t\n\t\t\t\t\n\t\t\t\t\n\t\t\t\t<div class=\"et_d4_element et_pb_row et_pb_row_2  et_pb_css_mix_blend_mode et_block_row\">\n\t\t\t\t<div class=\"et_d4_element et_pb_column_4_4 et_pb_column et_pb_column_2  et_pb_css_mix_blend_mode et-last-child et_block_column\">\n\t\t\t\t\n\t\t\t\t\n\t\t\t\t\n\t\t\t\t\n\t\t\t\t<div class=\"et_pb_module et_d4_element et_pb_blurb et_pb_blurb_0  et_pb_text_align_left  et_pb_blurb_position_left et_block_module et_pb_bg_layout_light\">\n\t\t\t\t\n\t\t\t\t\n\t\t\t\t\n\t\t\t\t\n\t\t\t\t<div class=\"et_pb_blurb_content\">\n\t\t\t\t\t<div class=\"et_pb_main_blurb_image et_pb_css_mix_blend_mode\"><span class=\"et_pb_image_wrap\"><span class=\"et-waypoint et_pb_animation_top et_pb_animation_top_tablet et_pb_animation_top_phone et-pb-icon\">\uf16d<\/span><\/span><\/div>\n\t\t\t\t\t<div class=\"et_pb_blurb_container\">\n\t\t\t\t\t\t<h2 class=\"et_pb_module_header\"><span>Folgen Sie uns auf Instagram<\/span><\/h2>\n\t\t\t\t\t\t\n\t\t\t\t\t<\/div>\n\t\t\t\t<\/div>\n\t\t\t<\/div>\n\t\t\t<\/div>\n\t\t\t\t\n\t\t\t\t\n\t\t\t\t\n\t\t\t\t\n\t\t\t<\/div>\n\t\t\t\t\n\t\t\t\t\n\t\t\t<\/div><\/p>","protected":false},"excerpt":{"rendered":"","protected":false},"author":1,"featured_media":0,"parent":0,"menu_order":0,"comment_status":"closed","ping_status":"closed","template":"","meta":{"_et_pb_use_builder":"on","_et_pb_old_content":"","_et_gb_content_width":"","footnotes":""},"dipi_cpt_category":[],"class_list":["post-426","page","type-page","status-publish","hentry"],"_links":{"self":[{"href":"https:\/\/domainedubocq.be\/de\/wp-json\/wp\/v2\/pages\/426","targetHints":{"allow":["GET"]}}],"collection":[{"href":"https:\/\/domainedubocq.be\/de\/wp-json\/wp\/v2\/pages"}],"about":[{"href":"https:\/\/domainedubocq.be\/de\/wp-json\/wp\/v2\/types\/page"}],"author":[{"embeddable":true,"href":"https:\/\/domainedubocq.be\/de\/wp-json\/wp\/v2\/users\/1"}],"replies":[{"embeddable":true,"href":"https:\/\/domainedubocq.be\/de\/wp-json\/wp\/v2\/comments?post=426"}],"version-history":[{"count":0,"href":"https:\/\/domainedubocq.be\/de\/wp-json\/wp\/v2\/pages\/426\/revisions"}],"wp:attachment":[{"href":"https:\/\/domainedubocq.be\/de\/wp-json\/wp\/v2\/media?parent=426"}],"wp:term":[{"taxonomy":"dipi_cpt_category","embeddable":true,"href":"https:\/\/domainedubocq.be\/de\/wp-json\/wp\/v2\/dipi_cpt_category?post=426"}],"curies":[{"name":"wp","href":"https:\/\/api.w.org\/{rel}","templated":true}]}}