{"id":653,"date":"2022-02-14T13:17:57","date_gmt":"2022-02-14T12:17:57","guid":{"rendered":"http:\/\/domainedubocq.be\/?page_id=653"},"modified":"2024-06-25T09:24:32","modified_gmt":"2024-06-25T07:24:32","slug":"nachrichten","status":"publish","type":"page","link":"https:\/\/domainedubocq.be\/de\/nachrichten\/","title":{"rendered":"Nachrichten"},"content":{"rendered":"<p><div class=\"et_d4_element et_pb_section et_pb_section_0 et_pb_with_background  et_pb_css_mix_blend_mode et_section_regular et_block_section\" >\n\t\t\t\t\n\t\t\t\t\n\t\t\t\t\n\t\t\t\t\n\t\t\t\t\n\t\t\t\t\n\t\t\t\t<div class=\"et_d4_element et_pb_row et_pb_row_0  et_pb_css_mix_blend_mode et_block_row\">\n\t\t\t\t<div class=\"et_d4_element et_pb_column_4_4 et_pb_column et_pb_column_0  et_pb_css_mix_blend_mode et-last-child et_block_column\">\n\t\t\t\t\n\t\t\t\t\n\t\t\t\t\n\t\t\t\t\n\t\t\t\t<div class=\"et_pb_module et_d4_element et_pb_text et_pb_text_0  et_pb_text_align_left et_pb_bg_layout_light\">\n\t\t\t\t\n\t\t\t\t\n\t\t\t\t\n\t\t\t\t\n\t\t\t\t<div class=\"et_pb_text_inner\"><h1>Neueste Nachrichten<\/h1>\n<p>Hier finden Sie die neuesten Informationen und spannende Geschichten \u00fcber den Campingplatz Domaine du Bocq. Ob Sie sich f\u00fcr unsere besonderen Veranstaltungen, die neuesten Erweiterungen unseres Campingplatzes oder Tipps f\u00fcr Aktivit\u00e4ten in und um die belgischen Ardennen interessieren, unsere Nachrichtenseite wird Sie informieren und inspirieren. Finden Sie heraus, was es Neues gibt und planen Sie Ihr n\u00e4chstes Abenteuer mit uns.<\/div>\n\t\t\t<\/div>\n\t\t\t<\/div>\n\t\t\t\t\n\t\t\t\t\n\t\t\t\t\n\t\t\t\t\n\t\t\t<\/div>\n\t\t\t\t\n\t\t\t\t\n\t\t\t<\/div><div class=\"et_d4_element et_pb_section et_pb_section_1  et_pb_css_mix_blend_mode et_section_regular et_block_section\" >\n\t\t\t\t\n\t\t\t\t\n\t\t\t\t\n\t\t\t\t\n\t\t\t\t\n\t\t\t\t\n\t\t\t\t<div class=\"et_d4_element et_pb_row et_pb_row_1  et_pb_css_mix_blend_mode et_block_row\">\n\t\t\t\t<div class=\"et_d4_element et_pb_column_4_4 et_pb_column et_pb_column_1  et_pb_css_mix_blend_mode et-last-child et_block_column\">\n\t\t\t\t\n\t\t\t\t\n\t\t\t\t\n\t\t\t\t\n\t\t\t\t<div class=\"et_pb_module et_d4_element et_pb_text et_pb_text_1  et_pb_text_align_left et_pb_bg_layout_light\">\n\t\t\t\t\n\t\t\t\t\n\t\t\t\t\n\t\t\t\t\n\t\t\t\t<div class=\"et_pb_text_inner\"><!-- Gridbuilder \u1d42\u1d3e Plugin (https:\/\/wpgridbuilder.com) -->\n<div class=\"wp-grid-builder wpgb-grid-1\" data-options=\"{&quot;id&quot;:1,&quot;type&quot;:&quot;metro&quot;,&quot;source&quot;:&quot;post_type&quot;,&quot;loader&quot;:0,&quot;layout&quot;:&quot;vertical&quot;,&quot;reveal&quot;:0,&quot;isMainQuery&quot;:0,&quot;lazyLoad&quot;:0,&quot;cardSizes&quot;:{&quot;9999&quot;:{&quot;columns&quot;:3,&quot;height&quot;:450,&quot;gutter&quot;:20,&quot;ratio&quot;:&quot;1.33333&quot;},&quot;1200&quot;:{&quot;columns&quot;:3,&quot;height&quot;:240,&quot;gutter&quot;:20,&quot;ratio&quot;:&quot;1.33333&quot;},&quot;992&quot;:{&quot;columns&quot;:2,&quot;height&quot;:220,&quot;gutter&quot;:20,&quot;ratio&quot;:&quot;1.33333&quot;},&quot;768&quot;:{&quot;columns&quot;:2,&quot;height&quot;:220,&quot;gutter&quot;:20,&quot;ratio&quot;:&quot;1.33333&quot;},&quot;576&quot;:{&quot;columns&quot;:1,&quot;height&quot;:200,&quot;gutter&quot;:20,&quot;ratio&quot;:&quot;1.33333&quot;},&quot;320&quot;:{&quot;columns&quot;:1,&quot;height&quot;:200,&quot;gutter&quot;:20,&quot;ratio&quot;:&quot;1.33333&quot;}},&quot;fitRows&quot;:0,&quot;equalRows&quot;:0,&quot;equalColumns&quot;:0,&quot;fillLastRow&quot;:0,&quot;centerLastRow&quot;:0,&quot;horizontalOrder&quot;:0,&quot;fullWidth&quot;:0,&quot;transitionDelay&quot;:100,&quot;gallerySlideshow&quot;:0,&quot;rowsNumber&quot;:1,&quot;slideAlign&quot;:&quot;left&quot;,&quot;groupCells&quot;:1,&quot;draggable&quot;:1,&quot;initialIndex&quot;:0,&quot;contain&quot;:0,&quot;freeScroll&quot;:0,&quot;freeFriction&quot;:&quot;0.075&quot;,&quot;friction&quot;:&quot;0.285&quot;,&quot;attraction&quot;:&quot;0.025&quot;,&quot;autoPlay&quot;:0,&quot;pageDotAriaLabel&quot;:&quot;Page dot %d&quot;,&quot;isPreview&quot;:false,&quot;isGutenberg&quot;:false,&quot;rightToLeft&quot;:false}\"><div class=\"wpgb-svg-icons\" hidden>\n\t<svg viewbox=\"0 0 120 24\" width=\"0\" height=\"0\">\n\t<defs>\n        <polygon id=\"wpgb-star-svg\" points=\"12 2.5 15.1 8.8 22 9.8 17 14.6 18.2 21.5 12 18.3 5.8 21.5 7 14.6 2 9.8 8.9 8.8\"><\/polygon>\n    <\/defs>\n    <symbol id=\"wpgb-rating-stars-svg\">\n        <use xlink:href=\"#wpgb-star-svg\"><\/use>\n        <use xlink:href=\"#wpgb-star-svg\" x=\"24\"><\/use>\n        <use xlink:href=\"#wpgb-star-svg\" x=\"48\"><\/use>\n        <use xlink:href=\"#wpgb-star-svg\" x=\"72\"><\/use>\n        <use xlink:href=\"#wpgb-star-svg\" x=\"96\"><\/use>\n    <\/symbol>\n<\/svg>\n<\/div>\n<div class=\"wpgb-wrapper\">\n\t<div class=\"wpgb-main\">\n\t<div class=\"wpgb-layout\">\n\t<div class=\"wpgb-viewport\">\n\t\t<div class=\"wpgb-metro\">\n\t\t\t<article class=\"wpgb-card wpgb-card-7 wpgb-post-2736\" data-col=\"1\" data-row=\"1\" data-format=\"standard\"><div class=\"wpgb-card-wrapper\"><div class=\"wpgb-card-inner\" data-action><div class=\"wpgb-card-media wpgb-scheme-light\"><div class=\"wpgb-card-media-thumbnail\"><a href=\"https:\/\/domainedubocq.be\/wp-content\/uploads\/2024\/07\/Camping-aan-rivier.webp\" tabindex=\"-1\" class=\"wpgb-handle-lb wpgb-lightbox\" data-type=\"image\" data-rel=\"1\" data-title=\"Camping-aan-rivier\" data-desc=\"Camping aan rivier\" title=\"Foto vergr\u00f6\u00dfern\"><div style=\"background-image:url(https:\/\/domainedubocq.be\/wp-content\/uploads\/2024\/07\/Camping-aan-rivier-768x512.webp)\"><\/div><noscript><img loading=\"lazy\" decoding=\"async\" class=\"wpgb-noscript-img\" src=\"https:\/\/domainedubocq.be\/wp-content\/uploads\/2024\/07\/Camping-aan-rivier-768x512.webp\" alt=\"Zeltplatz am Fluss\" height=\"512\" width=\"768\"><\/noscript><\/a><\/div><div class=\"wpgb-card-media-overlay\"><\/div><div class=\"wpgb-card-media-content\"><div class=\"wpgb-card-media-content-center\"><h3 class=\"wpgb-block-2 wpgb-idle-scheme-1\">Die Campingsaison beginnt wieder<\/h3><\/div><\/div><\/div><a class=\"wpgb-card-layer-link\" aria-label=\"Mehr lesen\" href=\"https:\/\/domainedubocq.be\/de\/die-campingsaison-beginnt-wieder\/\"><\/a><\/div><\/div><\/article><article class=\"wpgb-card wpgb-card-7 wpgb-post-2440\" data-col=\"1\" data-row=\"1\" data-format=\"standard\"><div class=\"wpgb-card-wrapper\"><div class=\"wpgb-card-inner\" data-action><div class=\"wpgb-card-media wpgb-scheme-light\"><div class=\"wpgb-card-media-thumbnail\"><a href=\"https:\/\/domainedubocq.be\/wp-content\/uploads\/2024\/10\/Wandelen-in-de-Ardennen.webp\" tabindex=\"-1\" class=\"wpgb-handle-lb wpgb-lightbox\" data-type=\"image\" data-rel=\"1\" data-title=\"Wandelen-in-de-Ardennen\" data-desc=\"Wandelen in de Ardennen\" title=\"Foto vergr\u00f6\u00dfern\"><div style=\"background-image:url(https:\/\/domainedubocq.be\/wp-content\/uploads\/2024\/10\/Wandelen-in-de-Ardennen-768x432.webp)\"><\/div><noscript><img loading=\"lazy\" decoding=\"async\" class=\"wpgb-noscript-img\" src=\"https:\/\/domainedubocq.be\/wp-content\/uploads\/2024\/10\/Wandelen-in-de-Ardennen-768x432.webp\" alt=\"Wandern in den Ardennen\" height=\"432\" width=\"768\"><\/noscript><\/a><\/div><div class=\"wpgb-card-media-overlay\"><\/div><div class=\"wpgb-card-media-content\"><div class=\"wpgb-card-media-content-center\"><h3 class=\"wpgb-block-2 wpgb-idle-scheme-1\">Neu im Jahr 2025<\/h3><\/div><\/div><\/div><a class=\"wpgb-card-layer-link\" aria-label=\"Mehr lesen\" href=\"https:\/\/domainedubocq.be\/de\/neu-in-2025\/\"><\/a><\/div><\/div><\/article><article class=\"wpgb-card wpgb-card-7 wpgb-post-1497\" data-col=\"1\" data-row=\"1\" data-format=\"standard\"><div class=\"wpgb-card-wrapper\"><div class=\"wpgb-card-inner\" data-action><div class=\"wpgb-card-media wpgb-scheme-light\"><div class=\"wpgb-card-media-thumbnail\"><a href=\"https:\/\/domainedubocq.be\/wp-content\/uploads\/2022\/08\/Camping-Domaine-Du-Bocq-met-kinderen_2-min-1.jpg\" tabindex=\"-1\" class=\"wpgb-handle-lb wpgb-lightbox\" data-type=\"image\" data-rel=\"1\" data-title=\"Camping Domaine Du Bocq met kinderen 2 min 1\" data-desc=\"Camping Domaine Du Bocq met kinderen 2 min 1\" title=\"Foto vergr\u00f6\u00dfern\"><div style=\"background-image:url(https:\/\/domainedubocq.be\/wp-content\/uploads\/2022\/08\/Camping-Domaine-Du-Bocq-met-kinderen_2-min-1.jpg)\"><\/div><noscript><img loading=\"lazy\" decoding=\"async\" class=\"wpgb-noscript-img\" src=\"https:\/\/domainedubocq.be\/wp-content\/uploads\/2022\/08\/Camping-Domaine-Du-Bocq-met-kinderen_2-min-1.jpg\" alt=\"Camping Domaine Du Bocq mit Kindern 2 min 1\" height=\"480\" width=\"640\"><\/noscript><\/a><\/div><div class=\"wpgb-card-media-overlay\"><\/div><div class=\"wpgb-card-media-content\"><div class=\"wpgb-card-media-content-center\"><h3 class=\"wpgb-block-2 wpgb-idle-scheme-1\">Besuch des Campingplatzes mit Kindern<\/h3><\/div><\/div><\/div><a class=\"wpgb-card-layer-link\" aria-label=\"Mehr lesen\" href=\"https:\/\/domainedubocq.be\/de\/besuch-des-campingplatzes-mit-kindern\/\"><\/a><\/div><\/div><\/article><article class=\"wpgb-card wpgb-card-7 wpgb-post-526\" data-col=\"1\" data-row=\"1\" data-format=\"standard\"><div class=\"wpgb-card-wrapper\"><div class=\"wpgb-card-inner\" data-action><div class=\"wpgb-card-media wpgb-scheme-light\"><div class=\"wpgb-card-media-thumbnail\"><a href=\"https:\/\/domainedubocq.be\/wp-content\/uploads\/2021\/12\/P8090308-scaled.jpg\" tabindex=\"-1\" class=\"wpgb-handle-lb wpgb-lightbox\" data-type=\"image\" data-rel=\"1\" data-title=\"P8090308 scaled\" data-desc=\"P8090308 scaled\" title=\"Foto vergr\u00f6\u00dfern\"><div style=\"background-image:url(https:\/\/domainedubocq.be\/wp-content\/uploads\/2021\/12\/P8090308-768x576.jpg)\"><\/div><noscript><img loading=\"lazy\" decoding=\"async\" class=\"wpgb-noscript-img\" src=\"https:\/\/domainedubocq.be\/wp-content\/uploads\/2021\/12\/P8090308-768x576.jpg\" alt=\"P8090308 skaliert\" height=\"576\" width=\"768\"><\/noscript><\/a><\/div><div class=\"wpgb-card-media-overlay\"><\/div><div class=\"wpgb-card-media-content\"><div class=\"wpgb-card-media-content-center\"><h3 class=\"wpgb-block-2 wpgb-idle-scheme-1\">Aktivit\u00e4ten auf dem Campingplatz Domaine du Bocq<\/h3><\/div><\/div><\/div><a class=\"wpgb-card-layer-link\" aria-label=\"Mehr lesen\" href=\"https:\/\/domainedubocq.be\/de\/aktivitaten-auf-dem-campingplatz-domaine-du-bocq\/\"><\/a><\/div><\/div><\/article><article class=\"wpgb-card wpgb-card-7 wpgb-post-531\" data-col=\"1\" data-row=\"1\" data-format=\"standard\"><div class=\"wpgb-card-wrapper\"><div class=\"wpgb-card-inner\" data-action><div class=\"wpgb-card-media wpgb-scheme-light\"><div class=\"wpgb-card-media-thumbnail\"><a href=\"https:\/\/domainedubocq.be\/wp-content\/uploads\/2021\/12\/image00006.jpeg\" tabindex=\"-1\" class=\"wpgb-handle-lb wpgb-lightbox\" data-type=\"image\" data-rel=\"1\" data-title=\"image00006\" data-desc=\"image00006\" title=\"Foto vergr\u00f6\u00dfern\"><div style=\"background-image:url(https:\/\/domainedubocq.be\/wp-content\/uploads\/2021\/12\/image00006-768x432.jpeg)\"><\/div><noscript><img loading=\"lazy\" decoding=\"async\" class=\"wpgb-noscript-img\" src=\"https:\/\/domainedubocq.be\/wp-content\/uploads\/2021\/12\/image00006-768x432.jpeg\" alt=\"image00006\" height=\"432\" width=\"768\"><\/noscript><\/a><\/div><div class=\"wpgb-card-media-overlay\"><\/div><div class=\"wpgb-card-media-content\"><div class=\"wpgb-card-media-content-center\"><h3 class=\"wpgb-block-2 wpgb-idle-scheme-1\">Ein Winterwochenende in den Ardennen<\/h3><\/div><\/div><\/div><a class=\"wpgb-card-layer-link\" aria-label=\"Mehr lesen\" href=\"https:\/\/domainedubocq.be\/de\/ein-winterliches-wochenende-in-den-ardennen\/\"><\/a><\/div><\/div><\/article><article class=\"wpgb-card wpgb-card-7 wpgb-post-522\" data-col=\"1\" data-row=\"1\" data-format=\"standard\"><div class=\"wpgb-card-wrapper\"><div class=\"wpgb-card-inner\" data-action><div class=\"wpgb-card-media wpgb-scheme-light\"><div class=\"wpgb-card-media-thumbnail\"><a href=\"https:\/\/domainedubocq.be\/wp-content\/uploads\/2022\/05\/Klimmen-en-Abseilen-aug-2021-DDB-23-kind.jpg\" tabindex=\"-1\" class=\"wpgb-handle-lb wpgb-lightbox\" data-type=\"image\" data-rel=\"1\" data-title=\"Klimmen en Abseilen aug 2021 DDB 23 kind\" data-desc=\"Klimmen en Abseilen aug 2021 DDB 23 kind\" title=\"Foto vergr\u00f6\u00dfern\"><div style=\"background-image:url(https:\/\/domainedubocq.be\/wp-content\/uploads\/2022\/05\/Klimmen-en-Abseilen-aug-2021-DDB-23-kind-768x576.jpg)\"><\/div><noscript><img loading=\"lazy\" decoding=\"async\" class=\"wpgb-noscript-img\" src=\"https:\/\/domainedubocq.be\/wp-content\/uploads\/2022\/05\/Klimmen-en-Abseilen-aug-2021-DDB-23-kind-768x576.jpg\" alt=\"Klettern und Abseilen Aug 2021 DDB 23 Kind\" height=\"576\" width=\"768\"><\/noscript><\/a><\/div><div class=\"wpgb-card-media-overlay\"><\/div><div class=\"wpgb-card-media-content\"><div class=\"wpgb-card-media-content-center\"><h3 class=\"wpgb-block-2 wpgb-idle-scheme-1\">Abenteuer Klettern in den Ardennen<\/h3><\/div><\/div><\/div><a class=\"wpgb-card-layer-link\" aria-label=\"Mehr lesen\" href=\"https:\/\/domainedubocq.be\/de\/kletterabenteuer-in-den-ardennen\/\"><\/a><\/div><\/div><\/article><article class=\"wpgb-card wpgb-card-7 wpgb-post-518\" data-col=\"1\" data-row=\"1\" data-format=\"standard\"><div class=\"wpgb-card-wrapper\"><div class=\"wpgb-card-inner\" data-action><div class=\"wpgb-card-media wpgb-scheme-light\"><div class=\"wpgb-card-media-thumbnail\"><a href=\"https:\/\/domainedubocq.be\/wp-content\/uploads\/2021\/12\/Tent-op-Domaine-1.jpeg\" tabindex=\"-1\" class=\"wpgb-handle-lb wpgb-lightbox\" data-type=\"image\" data-rel=\"1\" data-title=\"Tent op Domaine 1\" data-desc=\"Tent op Domaine 1\" title=\"Foto vergr\u00f6\u00dfern\"><div style=\"background-image:url(https:\/\/domainedubocq.be\/wp-content\/uploads\/2021\/12\/Tent-op-Domaine-1-768x576.jpeg)\"><\/div><noscript><img loading=\"lazy\" decoding=\"async\" class=\"wpgb-noscript-img\" src=\"https:\/\/domainedubocq.be\/wp-content\/uploads\/2021\/12\/Tent-op-Domaine-1-768x576.jpeg\" alt=\"Zelt auf der Domaine 1\" height=\"576\" width=\"768\"><\/noscript><\/a><\/div><div class=\"wpgb-card-media-overlay\"><\/div><div class=\"wpgb-card-media-content\"><div class=\"wpgb-card-media-content-center\"><h3 class=\"wpgb-block-2 wpgb-idle-scheme-1\">Ein Tag auf der Domaine du Bocq<\/h3><\/div><\/div><\/div><a class=\"wpgb-card-layer-link\" aria-label=\"Mehr lesen\" href=\"https:\/\/domainedubocq.be\/de\/ein-tag-auf-dem-domaine-du-bocq\/\"><\/a><\/div><\/div><\/article><article class=\"wpgb-card wpgb-card-7 wpgb-post-515\" data-col=\"1\" data-row=\"1\" data-format=\"standard\"><div class=\"wpgb-card-wrapper\"><div class=\"wpgb-card-inner\" data-action><div class=\"wpgb-card-media wpgb-scheme-light\"><div class=\"wpgb-card-media-thumbnail\"><a href=\"https:\/\/domainedubocq.be\/wp-content\/uploads\/2021\/11\/klein-DDB-overnachting-camping.jpg\" tabindex=\"-1\" class=\"wpgb-handle-lb wpgb-lightbox\" data-type=\"image\" data-rel=\"1\" data-title=\"klein DDB overnachting camping\" data-desc=\"klein DDB overnachting camping\" title=\"Foto vergr\u00f6\u00dfern\"><div style=\"background-image:url(https:\/\/domainedubocq.be\/wp-content\/uploads\/2021\/11\/klein-DDB-overnachting-camping-768x512.jpg)\"><\/div><noscript><img loading=\"lazy\" decoding=\"async\" class=\"wpgb-noscript-img\" src=\"https:\/\/domainedubocq.be\/wp-content\/uploads\/2021\/11\/klein-DDB-overnachting-camping-768x512.jpg\" alt=\"kleines DDB \u00dcbernachtungscamping\" height=\"512\" width=\"768\"><\/noscript><\/a><\/div><div class=\"wpgb-card-media-overlay\"><\/div><div class=\"wpgb-card-media-content\"><div class=\"wpgb-card-media-content-center\"><h3 class=\"wpgb-block-2 wpgb-idle-scheme-1\">Abenteuer vor der Haust\u00fcr<\/h3><\/div><\/div><\/div><a class=\"wpgb-card-layer-link\" aria-label=\"Mehr lesen\" href=\"https:\/\/domainedubocq.be\/de\/auf-ein-abenteuer-in-der-nahe-der-heimat\/\"><\/a><\/div><\/div><\/article><article class=\"wpgb-card wpgb-card-7 wpgb-post-486\" data-col=\"1\" data-row=\"1\" data-format=\"standard\"><div class=\"wpgb-card-wrapper\"><div class=\"wpgb-card-inner\" data-action><div class=\"wpgb-card-media wpgb-scheme-light\"><div class=\"wpgb-card-media-thumbnail\"><a href=\"https:\/\/domainedubocq.be\/wp-content\/uploads\/2021\/11\/Safaritent-mei-2021-6-scaled.jpg\" tabindex=\"-1\" class=\"wpgb-handle-lb wpgb-lightbox\" data-type=\"image\" data-rel=\"1\" data-title=\"Safaritent mei 2021 6 scaled\" data-desc=\"Safaritent mei 2021 6 scaled\" title=\"Foto vergr\u00f6\u00dfern\"><div style=\"background-image:url(https:\/\/domainedubocq.be\/wp-content\/uploads\/2021\/11\/Safaritent-mei-2021-6-768x512.jpg)\"><\/div><noscript><img loading=\"lazy\" decoding=\"async\" class=\"wpgb-noscript-img\" src=\"https:\/\/domainedubocq.be\/wp-content\/uploads\/2021\/11\/Safaritent-mei-2021-6-768x512.jpg\" alt=\"Safari-Zelt Mai 2021 6 skaliert\" height=\"512\" width=\"768\"><\/noscript><\/a><\/div><div class=\"wpgb-card-media-overlay\"><\/div><div class=\"wpgb-card-media-content\"><div class=\"wpgb-card-media-content-center\"><h3 class=\"wpgb-block-2 wpgb-idle-scheme-1\">Luxuri\u00f6ses Abenteuer<\/h3><\/div><\/div><\/div><a class=\"wpgb-card-layer-link\" aria-label=\"Mehr lesen\" href=\"https:\/\/domainedubocq.be\/de\/luxusabenteuer\/\"><\/a><\/div><\/div><\/article><article class=\"wpgb-card wpgb-card-7 wpgb-post-485\" data-col=\"1\" data-row=\"1\" data-format=\"standard\"><div class=\"wpgb-card-wrapper\"><div class=\"wpgb-card-inner\" data-action><div class=\"wpgb-card-media wpgb-scheme-light\"><div class=\"wpgb-card-media-thumbnail\"><a href=\"https:\/\/domainedubocq.be\/wp-content\/uploads\/2021\/12\/P8100340-scaled.jpg\" tabindex=\"-1\" class=\"wpgb-handle-lb wpgb-lightbox\" data-type=\"image\" data-rel=\"1\" data-title=\"P8100340 scaled\" data-desc=\"P8100340 scaled\" title=\"Foto vergr\u00f6\u00dfern\"><div style=\"background-image:url(https:\/\/domainedubocq.be\/wp-content\/uploads\/2021\/12\/P8100340-768x576.jpg)\"><\/div><noscript><img loading=\"lazy\" decoding=\"async\" class=\"wpgb-noscript-img\" src=\"https:\/\/domainedubocq.be\/wp-content\/uploads\/2021\/12\/P8100340-768x576.jpg\" alt=\"P8100340 skaliert\" height=\"576\" width=\"768\"><\/noscript><\/a><\/div><div class=\"wpgb-card-media-overlay\"><\/div><div class=\"wpgb-card-media-content\"><div class=\"wpgb-card-media-content-center\"><h3 class=\"wpgb-block-2 wpgb-idle-scheme-1\">10 \u00fcberraschende Aktivit\u00e4ten in der Umgebung von Dinant.<\/h3><\/div><\/div><\/div><a class=\"wpgb-card-layer-link\" aria-label=\"Mehr lesen\" href=\"https:\/\/domainedubocq.be\/de\/10-uberraschende-aktivitaten-in-der-nahe-von-dinant\/\"><\/a><\/div><\/div><\/article>\t\t<\/div>\n\t<\/div>\n\t<\/div>\n\t<\/div>\n\t\t<\/div>\n<\/div>\n<\/div>\n\t\t\t<\/div>\n\t\t\t<\/div>\n\t\t\t\t\n\t\t\t\t\n\t\t\t\t\n\t\t\t\t\n\t\t\t<\/div>\n\t\t\t\t\n\t\t\t\t\n\t\t\t<\/div><div class=\"et_d4_element et_pb_section et_pb_section_2  et_pb_css_mix_blend_mode et_section_regular et_block_section\" >\n\t\t\t\t\n\t\t\t\t\n\t\t\t\t\n\t\t\t\t\n\t\t\t\t\n\t\t\t\t\n\t\t\t\t<div class=\"et_d4_element et_pb_row et_pb_row_2  et_pb_css_mix_blend_mode et_block_row\">\n\t\t\t\t<div class=\"et_d4_element et_pb_column_4_4 et_pb_column et_pb_column_2  et_pb_css_mix_blend_mode et-last-child et_block_column\">\n\t\t\t\t\n\t\t\t\t\n\t\t\t\t\n\t\t\t\t\n\t\t\t\t<div class=\"et_pb_module et_d4_element et_pb_blurb et_pb_blurb_0  et_pb_text_align_left  et_pb_blurb_position_left et_block_module et_pb_bg_layout_light\">\n\t\t\t\t\n\t\t\t\t\n\t\t\t\t\n\t\t\t\t\n\t\t\t\t<div class=\"et_pb_blurb_content\">\n\t\t\t\t\t<div class=\"et_pb_main_blurb_image et_pb_css_mix_blend_mode\"><span class=\"et_pb_image_wrap\"><span class=\"et-waypoint et_pb_animation_top et_pb_animation_top_tablet et_pb_animation_top_phone et-pb-icon\">\uf16d<\/span><\/span><\/div>\n\t\t\t\t\t<div class=\"et_pb_blurb_container\">\n\t\t\t\t\t\t<h2 class=\"et_pb_module_header\"><span>Folgen Sie uns auf Instagram<\/span><\/h2>\n\t\t\t\t\t\t\n\t\t\t\t\t<\/div>\n\t\t\t\t<\/div>\n\t\t\t<\/div><div class=\"et_pb_module et_d4_element et_pb_code et_pb_code_0\">\n\t\t\t\t\n\t\t\t\t\n\t\t\t\t\n\t\t\t\t\n\t\t\t\t<div class=\"et_pb_code_inner\"><script src=\"https:\/\/apps.elfsight.com\/p\/platform.js\" defer><\/script>\n<div class=\"elfsight-app-1956226c-afb1-4156-81c0-28ccb56ec209\"><\/div><\/div>\n\t\t\t<\/div>\n\t\t\t<\/div>\n\t\t\t\t\n\t\t\t\t\n\t\t\t\t\n\t\t\t\t\n\t\t\t<\/div>\n\t\t\t\t\n\t\t\t\t\n\t\t\t<\/div><\/p>","protected":false},"excerpt":{"rendered":"","protected":false},"author":1,"featured_media":0,"parent":0,"menu_order":0,"comment_status":"closed","ping_status":"closed","template":"","meta":{"_et_pb_use_builder":"on","_et_pb_old_content":"","_et_gb_content_width":"","footnotes":""},"dipi_cpt_category":[],"class_list":["post-653","page","type-page","status-publish","hentry"],"_links":{"self":[{"href":"https:\/\/domainedubocq.be\/de\/wp-json\/wp\/v2\/pages\/653","targetHints":{"allow":["GET"]}}],"collection":[{"href":"https:\/\/domainedubocq.be\/de\/wp-json\/wp\/v2\/pages"}],"about":[{"href":"https:\/\/domainedubocq.be\/de\/wp-json\/wp\/v2\/types\/page"}],"author":[{"embeddable":true,"href":"https:\/\/domainedubocq.be\/de\/wp-json\/wp\/v2\/users\/1"}],"replies":[{"embeddable":true,"href":"https:\/\/domainedubocq.be\/de\/wp-json\/wp\/v2\/comments?post=653"}],"version-history":[{"count":0,"href":"https:\/\/domainedubocq.be\/de\/wp-json\/wp\/v2\/pages\/653\/revisions"}],"wp:attachment":[{"href":"https:\/\/domainedubocq.be\/de\/wp-json\/wp\/v2\/media?parent=653"}],"wp:term":[{"taxonomy":"dipi_cpt_category","embeddable":true,"href":"https:\/\/domainedubocq.be\/de\/wp-json\/wp\/v2\/dipi_cpt_category?post=653"}],"curies":[{"name":"wp","href":"https:\/\/api.w.org\/{rel}","templated":true}]}}