{"id":339,"date":"2021-12-08T13:47:41","date_gmt":"2021-12-08T13:47:41","guid":{"rendered":"http:\/\/domainedubocq.be\/?page_id=339"},"modified":"2026-03-05T12:13:03","modified_gmt":"2026-03-05T11:13:03","slug":"camping-field-bois","status":"publish","type":"page","link":"https:\/\/domainedubocq.be\/fr\/camping-field-bois\/","title":{"rendered":"Champ de camping Bois"},"content":{"rendered":"<div class=\"et_pb_section_0 et_pb_section et_section_specialty et_pb_gutters3 et_block_section\"><div class=\"et_pb_row et_block_row\">\n<div class=\"et_pb_column_0 et_pb_column et_pb_column_single et_pb_column_1_2 et_block_column et_pb_css_mix_blend_mode_passthrough\">\n<div class=\"et_pb_menu_0 et_pb_menu et_pb_menu--without-logo et_pb_menu--style-left_aligned et_dropdown_animation_fade et_pb_bg_layout_light et_pb_text_align_right-tablet et_pb_text_align_right-phone et_pb_module et_flex_module\"><div class=\"et_pb_menu_inner_container et_flex_module\"><div class=\"et_pb_menu__wrap\"><div class=\"et_pb_menu__menu\"><nav class=\"et-menu-nav\"><ul id=\"menu-kampeervelden\" class=\"et-menu nav downwards\"><li id=\"menu-item-360\" class=\"et_pb_menu_page_id-347 menu-item menu-item-type-post_type menu-item-object-page menu-item-360\"><a href=\"https:\/\/domainedubocq.be\/fr\/camping-field-rustique\/\">Rustique<\/a><\/li>\n<li id=\"menu-item-361\" class=\"et_pb_menu_page_id-339 menu-item menu-item-type-post_type menu-item-object-page menu-item-361\"><a href=\"https:\/\/domainedubocq.be\/fr\/camping-field-bois\/\">Bois<\/a><\/li>\n<li id=\"menu-item-362\" class=\"et_pb_menu_page_id-336 menu-item menu-item-type-post_type menu-item-object-page menu-item-362\"><a href=\"https:\/\/domainedubocq.be\/fr\/camping-field-soleil\/\">Soleil<\/a><\/li>\n<li id=\"menu-item-363\" class=\"et_pb_menu_page_id-329 menu-item menu-item-type-post_type menu-item-object-page menu-item-363\"><a href=\"https:\/\/domainedubocq.be\/fr\/camping-escalade\/\">Escalade<\/a><\/li>\n<li id=\"menu-item-2762\" class=\"et_pb_menu_page_id-2756 menu-item menu-item-type-post_type menu-item-object-page menu-item-2762\"><a href=\"https:\/\/domainedubocq.be\/fr\/camping-field-rocher\/\">Rocher<\/a><\/li>\n<\/ul><\/nav><\/div><div class=\"et_mobile_nav_menu\"><div class=\"mobile_nav closed\"><span class=\"mobile_menu_bar\"><\/span><\/div><\/div><\/div><\/div><\/div>\n\n\n<div class=\"et_pb_module et_d4_element dipi_image_gallery dipi_image_gallery_0\">\n\t\t\t\t\n\t\t\t\t\n\t\t\t\t\n\t\t\t\t\n\t\t\t\t\n\t\t\t\t\n\t\t\t\t<div class=\"et_pb_module_inner\">\n\t\t\t\t\t<div class=\"dipi-image-gallery dipi-ig-horizontal\" style=\"height: 100%\">\n            <div class=\"dipi-image-gallery-top\">\n                <div class=\"swiper-container dipi-image-gallery-top_0\"   data-direction=\"horizontal\" data-navigation=\"on\" data-ordernumber=\"0\" data-animation=\"slide\" data-autoplay=\"on\" data-main_redraw_after_slide_changed=\"off\" data-pause_on_hover=\"on\" data-autoplay_delay=\"5000\" data-enable_popup=\"off\" data-popup_animation=\"none\" data-popup_animation_duration=\"500\">\n                            <div class=\"swiper-wrapper\">\n                                <div class=\"et_pb_module et_d4_element dipi_image_gallery_child dipi_image_gallery_child_0 swiper-slide\">\n\t\t\t\t\n\t\t\t\t\n\t\t\t\t\n\t\t\t\t\n\t\t\t\t\n\t\t\t\t\n\t\t\t\t<div class=\"et_pb_module_inner\">\n\t\t\t\t\t<div href=\"https:\/\/domainedubocq.be\/wp-content\/uploads\/2022\/05\/Domaine-du-bocq-061520220503-1.jpg\" class=\"swiper-slide-container\" role=\"figure\" aria-labelledby=\"Kampeerveld bois\" style=\"background-image:url(https:\/\/domainedubocq.be\/wp-content\/uploads\/2022\/05\/Domaine-du-bocq-061520220503-1.jpg);background-size:cover;background-repeat: no-repeat;\">\n                \n                \n            <\/div>\n\t\t\t\t<\/div>\n\t\t\t<\/div><div class=\"et_pb_module et_d4_element dipi_image_gallery_child dipi_image_gallery_child_1 swiper-slide\">\n\t\t\t\t\n\t\t\t\t\n\t\t\t\t\n\t\t\t\t\n\t\t\t\t\n\t\t\t\t\n\t\t\t\t<div class=\"et_pb_module_inner\">\n\t\t\t\t\t<div href=\"https:\/\/domainedubocq.be\/wp-content\/uploads\/2021\/12\/P8080901-scaled.jpg\" class=\"swiper-slide-container\" role=\"figure\" aria-labelledby=\"kamperen in de ardennen\" style=\"background-image:url(https:\/\/domainedubocq.be\/wp-content\/uploads\/2021\/12\/P8080901-scaled.jpg);background-size:cover;background-repeat: no-repeat;\">\n                \n                \n            <\/div>\n\t\t\t\t<\/div>\n\t\t\t<\/div><div class=\"et_pb_module et_d4_element dipi_image_gallery_child dipi_image_gallery_child_2 swiper-slide\">\n\t\t\t\t\n\t\t\t\t\n\t\t\t\t\n\t\t\t\t\n\t\t\t\t\n\t\t\t\t\n\t\t\t\t<div class=\"et_pb_module_inner\">\n\t\t\t\t\t<div href=\"https:\/\/domainedubocq.be\/wp-content\/uploads\/2022\/05\/Domaine-du-bocq-049420220503-1.jpg\" class=\"swiper-slide-container\" role=\"figure\" aria-labelledby=\"Kamperen in de natuur\" style=\"background-image:url(https:\/\/domainedubocq.be\/wp-content\/uploads\/2022\/05\/Domaine-du-bocq-049420220503-1.jpg);background-size:cover;background-repeat: no-repeat;\">\n                \n                \n            <\/div>\n\t\t\t\t<\/div>\n\t\t\t<\/div><div class=\"et_pb_module et_d4_element dipi_image_gallery_child dipi_image_gallery_child_3 swiper-slide\">\n\t\t\t\t\n\t\t\t\t\n\t\t\t\t\n\t\t\t\t\n\t\t\t\t\n\t\t\t\t\n\t\t\t\t<div class=\"et_pb_module_inner\">\n\t\t\t\t\t<div href=\"https:\/\/domainedubocq.be\/wp-content\/uploads\/2021\/12\/Veld-Bois-DDB-1-scaled.jpg\" class=\"swiper-slide-container\" role=\"figure\" aria-labelledby=\"natuur belgische ardennen\" style=\"background-image:url(https:\/\/domainedubocq.be\/wp-content\/uploads\/2021\/12\/Veld-Bois-DDB-1-scaled.jpg);background-size:cover;background-repeat: no-repeat;\">\n                \n                \n            <\/div>\n\t\t\t\t<\/div>\n\t\t\t<\/div><div class=\"et_pb_module et_d4_element dipi_image_gallery_child dipi_image_gallery_child_4 swiper-slide\">\n\t\t\t\t\n\t\t\t\t\n\t\t\t\t\n\t\t\t\t\n\t\t\t\t\n\t\t\t\t\n\t\t\t\t<div class=\"et_pb_module_inner\">\n\t\t\t\t\t<div href=\"https:\/\/domainedubocq.be\/wp-content\/uploads\/2021\/11\/Tent-op-Domaine-1.jpeg\" class=\"swiper-slide-container\" role=\"figure\" aria-labelledby=\"Kamperen in tent\" style=\"background-image:url(https:\/\/domainedubocq.be\/wp-content\/uploads\/2021\/11\/Tent-op-Domaine-1.jpeg);background-size:cover;background-repeat: no-repeat;\">\n                \n                \n            <\/div>\n\t\t\t\t<\/div>\n\t\t\t<\/div><div class=\"et_pb_module et_d4_element dipi_image_gallery_child dipi_image_gallery_child_5 swiper-slide\">\n\t\t\t\t\n\t\t\t\t\n\t\t\t\t\n\t\t\t\t\n\t\t\t\t\n\t\t\t\t\n\t\t\t\t<div class=\"et_pb_module_inner\">\n\t\t\t\t\t<div href=\"https:\/\/domainedubocq.be\/wp-content\/uploads\/2022\/05\/Domaine-du-bocq-133020220505-1.jpg\" class=\"swiper-slide-container\" role=\"figure\" aria-labelledby=\"Kamperen in tent aan het water\" style=\"background-image:url(https:\/\/domainedubocq.be\/wp-content\/uploads\/2022\/05\/Domaine-du-bocq-133020220505-1.jpg);background-size:cover;background-repeat: no-repeat;\">\n                \n                \n            <\/div>\n\t\t\t\t<\/div>\n\t\t\t<\/div><div class=\"et_pb_module et_d4_element dipi_image_gallery_child dipi_image_gallery_child_6 swiper-slide\">\n\t\t\t\t\n\t\t\t\t\n\t\t\t\t\n\t\t\t\t\n\t\t\t\t\n\t\t\t\t\n\t\t\t\t<div class=\"et_pb_module_inner\">\n\t\t\t\t\t<div href=\"https:\/\/domainedubocq.be\/wp-content\/uploads\/2022\/05\/Domaine-du-bocq-132520220505-1.jpg\" class=\"swiper-slide-container\" role=\"figure\" aria-labelledby=\"Kamperen aan het water\" style=\"background-image:url(https:\/\/domainedubocq.be\/wp-content\/uploads\/2022\/05\/Domaine-du-bocq-132520220505-1.jpg);background-size:cover;background-repeat: no-repeat;\">\n                \n                \n            <\/div>\n\t\t\t\t<\/div>\n\t\t\t<\/div><div class=\"et_pb_module et_d4_element dipi_image_gallery_child dipi_image_gallery_child_7 swiper-slide\">\n\t\t\t\t\n\t\t\t\t\n\t\t\t\t\n\t\t\t\t\n\t\t\t\t\n\t\t\t\t\n\t\t\t\t<div class=\"et_pb_module_inner\">\n\t\t\t\t\t<div href=\"https:\/\/domainedubocq.be\/wp-content\/uploads\/2022\/05\/Domaine-du-bocq-132820220505-1.jpg\" class=\"swiper-slide-container\" role=\"figure\" aria-labelledby=\"Rivier in de belgische ardennen\" style=\"background-image:url(https:\/\/domainedubocq.be\/wp-content\/uploads\/2022\/05\/Domaine-du-bocq-132820220505-1.jpg);background-size:cover;background-repeat: no-repeat;\">\n                \n                \n            <\/div>\n\t\t\t\t<\/div>\n\t\t\t<\/div><div class=\"et_pb_module et_d4_element dipi_image_gallery_child dipi_image_gallery_child_8 swiper-slide\">\n\t\t\t\t\n\t\t\t\t\n\t\t\t\t\n\t\t\t\t\n\t\t\t\t\n\t\t\t\t\n\t\t\t\t<div class=\"et_pb_module_inner\">\n\t\t\t\t\t<div href=\"https:\/\/domainedubocq.be\/wp-content\/uploads\/2022\/05\/Domaine-du-bocq-132220220505-1.jpg\" class=\"swiper-slide-container\" role=\"figure\" aria-labelledby=\"Kamperen in de natuur\" style=\"background-image:url(https:\/\/domainedubocq.be\/wp-content\/uploads\/2022\/05\/Domaine-du-bocq-132220220505-1.jpg);background-size:cover;background-repeat: no-repeat;\">\n                \n                \n            <\/div>\n\t\t\t\t<\/div>\n\t\t\t<\/div><div class=\"et_pb_module et_d4_element dipi_image_gallery_child dipi_image_gallery_child_9 swiper-slide\">\n\t\t\t\t\n\t\t\t\t\n\t\t\t\t\n\t\t\t\t\n\t\t\t\t\n\t\t\t\t\n\t\t\t\t<div class=\"et_pb_module_inner\">\n\t\t\t\t\t<div href=\"https:\/\/domainedubocq.be\/wp-content\/uploads\/2021\/12\/Tent-op-Domaine-2.jpeg\" class=\"swiper-slide-container\" role=\"figure\" aria-labelledby=\"Avontuurlijk kamperen\" style=\"background-image:url(https:\/\/domainedubocq.be\/wp-content\/uploads\/2021\/12\/Tent-op-Domaine-2.jpeg);background-size:cover;background-repeat: no-repeat;\">\n                \n                \n            <\/div>\n\t\t\t\t<\/div>\n\t\t\t<\/div>\n                            <\/div>  \n                        <\/div>\n                        <div class=\"swiper-button-next swiper-arrow-button dipi-sbn0 dipi-ig-top-nav\" data-icon=\"&#x24;\"><\/div> \n                 <div class=\"swiper-button-prev swiper-arrow-button dipi-sbp0 dipi-ig-top-nav\" data-icon=\"&#x23;\"><\/div>\n                <\/div> \n        <div class=\"dipi-image-gallery-thumbs\">\n            <div class=\"swiper-container dipi-image-gallery-thumbs_0 dipi-thumbs-horizontal dipi-img-thumbs-bottom\"  data-direction=\"horizontal\" data-columnsdesktop=\"4\" data-columnstablet=\"4\" data-columnsphone=\"4\" data-spacebetween=\"10\" data-spacebetween_tablet=\"10\" data-spacebetween_phone=\"10\" data-centered=\"off\" data-thumbs_loop=\"on\" data-ordernumber=\"0\" data-navigation=\"off\" data-is_tb_body=\"off\">\n                <div class=\"swiper-wrapper\">\n                    \n                <div class=\"dipi_image_gallery_child swiper-slide\" data-class=\"dipi_image_gallery_child_0\">\n                    <div class=\"swiper-slide-container\" role=\"figure\" aria-labelledby=\"\" style=\"background-image:url(https:\/\/domainedubocq.be\/wp-content\/uploads\/2022\/05\/Domaine-du-bocq-061520220503-1.jpg);background-size:cover;    background-repeat: no-repeat;\"><\/div>\n                <\/div>\n                <div class=\"dipi_image_gallery_child swiper-slide\" data-class=\"dipi_image_gallery_child_1\">\n                    <div class=\"swiper-slide-container\" role=\"figure\" aria-labelledby=\"\" style=\"background-image:url(https:\/\/domainedubocq.be\/wp-content\/uploads\/2021\/12\/P8080901-scaled.jpg);background-size:cover;    background-repeat: no-repeat;\"><\/div>\n                <\/div>\n                <div class=\"dipi_image_gallery_child swiper-slide\" data-class=\"dipi_image_gallery_child_2\">\n                    <div class=\"swiper-slide-container\" role=\"figure\" aria-labelledby=\"\" style=\"background-image:url(https:\/\/domainedubocq.be\/wp-content\/uploads\/2022\/05\/Domaine-du-bocq-049420220503-1.jpg);background-size:cover;    background-repeat: no-repeat;\"><\/div>\n                <\/div>\n                <div class=\"dipi_image_gallery_child swiper-slide\" data-class=\"dipi_image_gallery_child_3\">\n                    <div class=\"swiper-slide-container\" role=\"figure\" aria-labelledby=\"\" style=\"background-image:url(https:\/\/domainedubocq.be\/wp-content\/uploads\/2021\/12\/Veld-Bois-DDB-1-scaled.jpg);background-size:cover;    background-repeat: no-repeat;\"><\/div>\n                <\/div>\n                <div class=\"dipi_image_gallery_child swiper-slide\" data-class=\"dipi_image_gallery_child_4\">\n                    <div class=\"swiper-slide-container\" role=\"figure\" aria-labelledby=\"\" style=\"background-image:url(https:\/\/domainedubocq.be\/wp-content\/uploads\/2021\/11\/Tent-op-Domaine-1.jpeg);background-size:cover;    background-repeat: no-repeat;\"><\/div>\n                <\/div>\n                <div class=\"dipi_image_gallery_child swiper-slide\" data-class=\"dipi_image_gallery_child_5\">\n                    <div class=\"swiper-slide-container\" role=\"figure\" aria-labelledby=\"\" style=\"background-image:url(https:\/\/domainedubocq.be\/wp-content\/uploads\/2022\/05\/Domaine-du-bocq-133020220505-1.jpg);background-size:cover;    background-repeat: no-repeat;\"><\/div>\n                <\/div>\n                <div class=\"dipi_image_gallery_child swiper-slide\" data-class=\"dipi_image_gallery_child_6\">\n                    <div class=\"swiper-slide-container\" role=\"figure\" aria-labelledby=\"\" style=\"background-image:url(https:\/\/domainedubocq.be\/wp-content\/uploads\/2022\/05\/Domaine-du-bocq-132520220505-1.jpg);background-size:cover;    background-repeat: no-repeat;\"><\/div>\n                <\/div>\n                <div class=\"dipi_image_gallery_child swiper-slide\" data-class=\"dipi_image_gallery_child_7\">\n                    <div class=\"swiper-slide-container\" role=\"figure\" aria-labelledby=\"\" style=\"background-image:url(https:\/\/domainedubocq.be\/wp-content\/uploads\/2022\/05\/Domaine-du-bocq-132820220505-1.jpg);background-size:cover;    background-repeat: no-repeat;\"><\/div>\n                <\/div>\n                <div class=\"dipi_image_gallery_child swiper-slide\" data-class=\"dipi_image_gallery_child_8\">\n                    <div class=\"swiper-slide-container\" role=\"figure\" aria-labelledby=\"\" style=\"background-image:url(https:\/\/domainedubocq.be\/wp-content\/uploads\/2022\/05\/Domaine-du-bocq-132220220505-1.jpg);background-size:cover;    background-repeat: no-repeat;\"><\/div>\n                <\/div>\n                <div class=\"dipi_image_gallery_child swiper-slide\" data-class=\"dipi_image_gallery_child_9\">\n                    <div class=\"swiper-slide-container\" role=\"figure\" aria-labelledby=\"\" style=\"background-image:url(https:\/\/domainedubocq.be\/wp-content\/uploads\/2021\/12\/Tent-op-Domaine-2.jpeg);background-size:cover;    background-repeat: no-repeat;\"><\/div>\n                <\/div>\n                <\/div>\n            <\/div>\n        <\/div><\/div>\n\t\t\t\t<\/div>\n\t\t\t<\/div>\n\n<\/div>\n\n<div class=\"et_pb_column_1 et_pb_column et_pb_specialty_column et_pb_column_1_2 et-last-child et_block_column et_pb_css_mix_blend_mode_passthrough\">\n<div class=\"et_pb_row_inner_0 et_pb_row_inner et_pb_gutters2 et_block_row\">\n<div class=\"et_pb_column_inner_0 et_pb_column_inner et_pb_column et_pb_column_1_4 et_block_column et_pb_css_mix_blend_mode_passthrough\">\n<div class=\"et_pb_text_0 et_pb_text et_pb_bg_layout_light et_pb_module et_block_module\"><div class=\"et_pb_text_inner\"><h1>Champ de camping Bois<\/h1>\n<\/div><\/div>\n<\/div>\n\n<div class=\"et_pb_column_inner_1 et_pb_column_inner et_pb_column et_pb_column_1_4 et-last-child et_block_column et_pb_css_mix_blend_mode_passthrough\">\n<div class=\"et_pb_module et_pb_button_module_wrapper et_pb_button_0_wrapper\"><a class=\"et_pb_button_0 et_pb_button et_pb_bg_layout_light et_pb_module et_block_module\" href=\"https:\/\/booking.camping.care\/nl\/domaine-du-bocq\/accommodations\/172839\" data-icon=\"$\" target=\"_blank\" rel=\"noopener\">R\u00e9servez<\/a><\/div>\n<\/div>\n<\/div>\n\n<div class=\"et_pb_row_inner_1 et_pb_row_inner et_pb_gutters2 et_block_row\">\n<div class=\"et_pb_column_inner_2 et_pb_column_inner et_pb_column et_pb_column_1_4 et_block_column et_pb_css_mix_blend_mode_passthrough\">\n<div class=\"et_pb_blurb_0 et_pb_blurb et_pb_bg_layout_light et_pb_blurb_position_left et_pb_module et_block_module\"><div class=\"et_pb_blurb_content\"><div class=\"et_pb_main_blurb_image\"><span class=\"et_pb_image_wrap\"><span class=\"et-pb-icon\">\uf153<\/span><\/span><\/div><div class=\"et_pb_blurb_container\"><h4 class=\"et_pb_module_header\">Prix<\/h4><div class=\"et_pb_blurb_description\"><p>A partir de 29,50 \u20ac par nuit<\/p>\n<\/div><\/div><\/div><\/div>\n<\/div>\n\n<div class=\"et_pb_column_inner_3 et_pb_column_inner et_pb_column et_pb_column_1_4 et-last-child et_block_column et_pb_css_mix_blend_mode_passthrough\">\n<div class=\"et_pb_blurb_1 et_pb_blurb et_pb_bg_layout_light et_pb_blurb_position_left et_pb_module et_block_module\"><div class=\"et_pb_blurb_content\"><div class=\"et_pb_main_blurb_image\"><span class=\"et_pb_image_wrap\"><span class=\"et-pb-icon\">\uf0c0<\/span><\/span><\/div><div class=\"et_pb_blurb_container\"><h4 class=\"et_pb_module_header\">Capacit\u00e9 maximale<\/h4><div class=\"et_pb_blurb_description\"><p>6 personnes par tente<\/p>\n<\/div><\/div><\/div><\/div>\n<\/div>\n<\/div>\n\n<div class=\"et_pb_row_inner_2 et_pb_row_inner et_pb_gutters2 et_block_row\">\n<div class=\"et_pb_column_inner_4 et_pb_column_inner et_pb_column et_pb_column_1_4 et_block_column et_pb_css_mix_blend_mode_passthrough\">\n<div class=\"et_pb_blurb_2 et_pb_blurb et_pb_bg_layout_light et_pb_blurb_position_left et_pb_module et_block_module\"><div class=\"et_pb_blurb_content\"><div class=\"et_pb_main_blurb_image\"><span class=\"et_pb_image_wrap\"><span class=\"et-pb-icon\">\uf4fc<\/span><\/span><\/div><div class=\"et_pb_blurb_container\"><h4 class=\"et_pb_module_header\">Enregistrement<\/h4><div class=\"et_pb_blurb_description\"><p>14:00 h<\/p>\n<\/div><\/div><\/div><\/div>\n<\/div>\n\n<div class=\"et_pb_column_inner_5 et_pb_column_inner et_pb_column et_pb_column_1_4 et-last-child et_block_column et_pb_css_mix_blend_mode_passthrough\">\n<div class=\"et_pb_blurb_3 et_pb_blurb et_pb_bg_layout_light et_pb_blurb_position_left et_pb_module et_block_module\"><div class=\"et_pb_blurb_content\"><div class=\"et_pb_main_blurb_image\"><span class=\"et_pb_image_wrap\"><span class=\"et-pb-icon\">\uf235<\/span><\/span><\/div><div class=\"et_pb_blurb_container\"><h4 class=\"et_pb_module_header\">V\u00e9rifiez<\/h4><div class=\"et_pb_blurb_description\"><p>12h00<\/p>\n<\/div><\/div><\/div><\/div>\n<\/div>\n<\/div>\n\n<div class=\"et_pb_row_inner_3 et_pb_row_inner et_block_row\">\n<div class=\"et_pb_column_inner_6 et_pb_column_inner et_pb_column et_pb_column_4_4 et-last-child et_block_column et_pb_css_mix_blend_mode_passthrough\">\n<div class=\"et_pb_text_1 et_pb_text et_pb_bg_layout_light et_pb_module et_block_module\"><div class=\"et_pb_text_inner\"><h2>Installations<\/h2>\n<\/div><\/div>\n<\/div>\n<\/div>\n\n<div class=\"et_pb_row_inner_4 et_pb_row_inner et_block_row\">\n<div class=\"et_pb_column_inner_7 et_pb_column_inner et_pb_column et_pb_column_1_4 et_block_column et_pb_css_mix_blend_mode_passthrough\">\n\n<div class=\"et_pb_module et_d4_element dsm_icon_list dsm_icon_list_0\">\n\t\t\t\t\n\t\t\t\t\n\t\t\t\t\n\t\t\t\t\n\t\t\t\t\n\t\t\t\t\n\t\t\t\t<div class=\"et_pb_module_inner\">\n\t\t\t\t\t<ul class=\"dsm_icon_list_items dsm_icon_list_ltr_direction dsm_icon_list_layout_vertical\"><li class=\"et_d4_element dsm_icon_list_child dsm_icon_list_child_0\">\n\t\t\t\t\n\t\t\t\t\n\t\t\t\t\n\t\t\t\t\n\t\t\t\t<span class=\"dsm_icon_list_wrapper\"><span class=\"dsm_icon_list_icon\">N<\/span><\/span><span class=\"dsm_icon_list_text\">Terrain de camping sans voiture<\/span>\n\t\t\t<\/li><li class=\"et_d4_element dsm_icon_list_child dsm_icon_list_child_1\">\n\t\t\t\t\n\t\t\t\t\n\t\t\t\t\n\t\t\t\t\n\t\t\t\t<span class=\"dsm_icon_list_wrapper\"><span class=\"dsm_icon_list_icon\">N<\/span><\/span><span class=\"dsm_icon_list_text\">Pr\u00e8s du b\u00e2timent sanitaire<\/span>\n\t\t\t<\/li><\/ul>\n\t\t\t\t<\/div>\n\t\t\t<\/div>\n\n<\/div>\n\n<div class=\"et_pb_column_inner_8 et_pb_column_inner et_pb_column et_pb_column_1_4 et-last-child et_block_column et_pb_css_mix_blend_mode_passthrough\">\n\n<div class=\"et_pb_module et_d4_element dsm_icon_list dsm_icon_list_1\">\n\t\t\t\t\n\t\t\t\t\n\t\t\t\t\n\t\t\t\t\n\t\t\t\t\n\t\t\t\t\n\t\t\t\t<div class=\"et_pb_module_inner\">\n\t\t\t\t\t<ul class=\"dsm_icon_list_items dsm_icon_list_ltr_direction dsm_icon_list_layout_vertical\"><li class=\"et_d4_element dsm_icon_list_child dsm_icon_list_child_2\">\n\t\t\t\t\n\t\t\t\t\n\t\t\t\t\n\t\t\t\t\n\t\t\t\t<span class=\"dsm_icon_list_wrapper\"><span class=\"dsm_icon_list_icon\">N<\/span><\/span><span class=\"dsm_icon_list_text\">Au bord de la rivi\u00e8re du Bocq<\/span>\n\t\t\t<\/li><li class=\"et_d4_element dsm_icon_list_child dsm_icon_list_child_3\">\n\t\t\t\t\n\t\t\t\t\n\t\t\t\t\n\t\t\t\t\n\t\t\t\t<span class=\"dsm_icon_list_wrapper\"><span class=\"dsm_icon_list_icon\">N<\/span><\/span><span class=\"dsm_icon_list_text\">Grande pelouse avec libre choix de l'emplacement<\/span>\n\t\t\t<\/li><\/ul>\n\t\t\t\t<\/div>\n\t\t\t<\/div>\n\n<\/div>\n<\/div>\n<\/div>\n<\/div><\/div>\n\n<div class=\"et_pb_section_1 et_pb_section et_section_regular et_block_section\">\n<div class=\"et_pb_row_0 et_pb_row et_block_row preset--module--divi-row--default\">\n<div class=\"et_pb_column_2 et_pb_column et_pb_column_4_4 et-last-child et_block_column et_pb_css_mix_blend_mode_passthrough\">\n<div class=\"et_pb_text_2 et_pb_text et_pb_bg_layout_light et_pb_module et_block_module\"><div class=\"et_pb_text_inner\"><h2>Informations pratiques<\/h2>\n<p>Ce terrain de camping est magnifiquement situ\u00e9 \u00e0 c\u00f4t\u00e9 de la partie foresti\u00e8re du camping. Il est situ\u00e9 au bord de la petite rivi\u00e8re du Bocq, o\u00f9 vous pourrez vous rafra\u00eechir lors d'une journ\u00e9e chaude. Sur ce terrain, vous pouvez faire votre propre feu de camp dans une fosse \u00e0 feu ! Il peut \u00eatre lou\u00e9 \u00e0 la r\u00e9ception.<\/p>\n<p>Ce terrain de camping est situ\u00e9 pr\u00e8s du b\u00e2timent sanitaire et en face du terrain de sport. Voulez-vous de l'\u00e9lectricit\u00e9 \u00e0 la tente ? Ensuite, r\u00e9servez en ligne.<\/p>\n<p>Le tarif de base comprend 2 personnes et 1 moyen de transport.<\/p>\n<p>Kampeer je met 1 persoon in 1 kleine tent, dan kan je gebruik maken van een aangepast tarief van \u20ac15,50 per nacht. Dit kan uitsluitend op veld Bois en alleen in het laagseizoen. Wil je hier gebruik van maken, vermeld dit in de opmerking tijdens het maken van je boeking.<\/p>\n<\/div><\/div>\n\n<div class=\"et_pb_text_3 et_pb_text et_pb_bg_layout_light et_pb_module et_block_module\"><div class=\"et_pb_text_inner\"><h2>Caract\u00e9ristiques uniques du camping Field Bois<\/h2>\n<ul>\n<li aria-level=\"1\"><strong>Zone sans voiture<\/strong>Les enfants de moins de 18 ans sont les bienvenus dans les centres de soins de longue dur\u00e9e de l'Union europ\u00e9enne.<\/li>\n<li aria-level=\"1\"><strong>Beaut\u00e9 naturelle<\/strong>Le domaine : Situ\u00e9 \u00e0 c\u00f4t\u00e9 d'une for\u00eat et au bord d'une rivi\u00e8re, ce domaine offre un cadre naturel magnifique pour votre s\u00e9jour.<\/li>\n<li aria-level=\"1\"><strong>Possibilit\u00e9s de feu de camp<\/strong>Les bols de feu sont disponibles \u00e0 la location \u00e0 la r\u00e9ception. Des bols \u00e0 feu sont disponibles \u00e0 la location \u00e0 la r\u00e9ception.<\/li>\n<li aria-level=\"1\"><strong>Acc\u00e8s direct aux installations sanitaires<\/strong>: Confort et commodit\u00e9 avec des installations sanitaires modernes \u00e0 proximit\u00e9.<\/li>\n<\/ul>\n<h2>Des activit\u00e9s pour tous<\/h2>\n<p>Ce camping n'est pas seulement situ\u00e9 dans un cadre naturel magnifique. <strong><a href=\"https:\/\/domainedubocq.be\/fr\/lenvironnement\/\">zone<\/a>,<\/strong> mais c'est aussi un excellent point de d\u00e9part pour de nombreuses activit\u00e9s de plein air. Que vous souhaitiez vous d\u00e9tendre le long de la petite rivi\u00e8re, <strong><a href=\"https:\/\/domainedubocq.be\/fr\/les-plus-beaux-sentiers-de-randonnee-des-ardennes\/\">randonn\u00e9e<\/a><\/strong> \u00e0 travers la for\u00eat, ou en participant \u00e0 des <strong><a href=\"https:\/\/domainedubocq.be\/fr\/activites-du-week-end\/\">activit\u00e9s organis\u00e9es<\/a><\/strong>Le camping offre des possibilit\u00e9s pour tous les go\u00fbts.<\/p>\n<h2>Informations sur les r\u00e9servations<\/h2>\n<p>Pour plus d'informations sur les disponibilit\u00e9s et les tarifs du Camping Field Bois, visitez notre site web. <a href=\"https:\/\/booking.camping.care\/domaine-du-bocq\/accommodations\/172839\" target=\"_blank\" rel=\"noopener\"><strong>page de r\u00e9servation<\/strong><\/a> ou contactez notre r\u00e9ception. Nous nous ferons un plaisir de vous aider \u00e0 organiser votre s\u00e9jour en camping.<\/p>\n<p>R\u00e9servez votre place en ligne pour \u00eatre assur\u00e9 d'une <strong><a href=\"https:\/\/domainedubocq.be\/fr\/camping-ardennes-au-bord-de-la-riviere\/\">magnifique exp\u00e9rience de camping le long d'une rivi\u00e8re dans les Ardennes<\/a><\/strong>.<\/p>\n<h2>L'escapade parfaite dans la nature<\/h2>\n<p>Choisissez le Domaine Du Bocq pour votre prochaine aventure en camping et profitez d'une combinaison parfaite de beaut\u00e9 naturelle, de tranquillit\u00e9 et d'aventure. Nous sommes impatients de vous accueillir et de vous faire vivre une exp\u00e9rience inoubliable.<\/p>\n<\/div><\/div>\n<\/div>\n<\/div>\n<\/div>","protected":false},"excerpt":{"rendered":"","protected":false},"author":1,"featured_media":0,"parent":0,"menu_order":0,"comment_status":"closed","ping_status":"closed","template":"","meta":{"_et_pb_use_builder":"on","_et_pb_old_content":"","_et_gb_content_width":"","footnotes":""},"dipi_cpt_category":[],"class_list":["post-339","page","type-page","status-publish","hentry"],"_links":{"self":[{"href":"https:\/\/domainedubocq.be\/fr\/wp-json\/wp\/v2\/pages\/339","targetHints":{"allow":["GET"]}}],"collection":[{"href":"https:\/\/domainedubocq.be\/fr\/wp-json\/wp\/v2\/pages"}],"about":[{"href":"https:\/\/domainedubocq.be\/fr\/wp-json\/wp\/v2\/types\/page"}],"author":[{"embeddable":true,"href":"https:\/\/domainedubocq.be\/fr\/wp-json\/wp\/v2\/users\/1"}],"replies":[{"embeddable":true,"href":"https:\/\/domainedubocq.be\/fr\/wp-json\/wp\/v2\/comments?post=339"}],"version-history":[{"count":3,"href":"https:\/\/domainedubocq.be\/fr\/wp-json\/wp\/v2\/pages\/339\/revisions"}],"predecessor-version":[{"id":3037,"href":"https:\/\/domainedubocq.be\/fr\/wp-json\/wp\/v2\/pages\/339\/revisions\/3037"}],"wp:attachment":[{"href":"https:\/\/domainedubocq.be\/fr\/wp-json\/wp\/v2\/media?parent=339"}],"wp:term":[{"taxonomy":"dipi_cpt_category","embeddable":true,"href":"https:\/\/domainedubocq.be\/fr\/wp-json\/wp\/v2\/dipi_cpt_category?post=339"}],"curies":[{"name":"wp","href":"https:\/\/api.w.org\/{rel}","templated":true}]}}